{"id":1007,"date":"2017-01-24T14:35:36","date_gmt":"2017-01-24T13:35:36","guid":{"rendered":"https:\/\/ticketpoint.nl\/?page_id=1007\/"},"modified":"2024-08-05T14:54:17","modified_gmt":"2024-08-05T12:54:17","slug":"algemene-voorwaarden","status":"publish","type":"page","link":"https:\/\/ticketpoint.nl\/de\/algemene-voorwaarden\/","title":{"rendered":"Allgemeine Gesch\u00e4ftsbedingungen"},"content":{"rendered":"<p><strong>Artikel 1 Definitionen<\/strong><br \/>\nIn dieser Vereinbarung werden die folgenden Definitionen verwendet:<br \/>\n<strong>K\u00e4ufer:<\/strong> Der Verbraucher oder das Unternehmen, das \u00fcber Ticketpoint ein Ticket f\u00fcr eine Veranstaltung kauft;<br \/>\nAllgemeine Gesch\u00e4ftsbedingungen: Diese Allgemeinen Gesch\u00e4ftsbedingungen von Ticketpoint;<br \/>\n<strong>Buchung:<\/strong> Abschluss einer Vereinbarung, bei der der K\u00e4ufer eine Vereinbarung mit einem Veranstaltungsorganisator in der in diesen Allgemeinen Gesch\u00e4ftsbedingungen dargelegten Weise abschlie\u00dft;<br \/>\n<strong>Eintrittspreise:<\/strong> Der Preis des Tickets, ohne zus\u00e4tzliche Kosten oder zus\u00e4tzliche Lieferungen, wie z. B., aber nicht beschr\u00e4nkt auf, Verwaltungskosten, die Ticketpoint f\u00fcr die Buchung schulden;<br \/>\n<strong>Veranstaltung:<\/strong> Die Veranstaltung, bei der \u2013 beispielhaft, aber nicht ausschlie\u00dflich \u2013 eine Auff\u00fchrung aufgef\u00fchrt wird, einschlie\u00dflich \u2013 aber nicht beschr\u00e4nkt auf \u2013 eine Musical-, Theater-, Theater- oder Musicalauff\u00fchrung, ein Konzert, eine Show oder eine Sportveranstaltung, f\u00fcr die das Ticket erworben wurde wurde gekauft;<br \/>\n<strong>Ort:<\/strong> Der Ort, an dem die Veranstaltung stattfindet;<br \/>\n<strong>Veranstalter:<\/strong> Die Partei, die die Veranstaltung organisiert und mit der beim Kauf des Tickets der Vertrag zustande kommt;<br \/>\n<strong>Vereinbarung:<\/strong> Die entsprechende Vereinbarung zwischen dem Veranstalter und dem K\u00e4ufer;<br \/>\n<strong>Telefonverkauf:<\/strong> Verkauf, der \u00fcber die von Ticketpoint zur Verf\u00fcgung gestellte Telefonnummer 0900-90008000 erfolgt. Diese Anzahl kann je nach Veranstaltung unterschiedlich sein;<br \/>\n<strong>Ticket:<\/strong> Die Eintrittskarte zu einer Veranstaltung;<br \/>\n<strong>Ticketpoint:<\/strong> Das Privatunternehmen mit beschr\u00e4nkter Haftung Ticketpoint Nederland B.V., mit Sitz in Postfach 2114, 5300 CC Zaltbommel<br \/>\n<strong>Website:<\/strong> Die Website www.ticketpoint.nl.<\/p>\n<p><strong>Artikel 2 Allgemeines<\/strong><br \/>\n2.1 Diese Allgemeinen Gesch\u00e4ftsbedingungen gelten f\u00fcr alle \u00fcber Ticketpoint erbrachten Leistungen und Angebote, f\u00fcr jede Buchung von Tickets, sowohl telefonisch, \u00fcber die Ticketpoint-Websites als auch im Filialverkauf. Von diesen Allgemeinen Gesch\u00e4ftsbedingungen kann nur in schriftlicher Form abgewichen werden.<br \/>\n2.2 F\u00fcr den Vertrag gelten gegebenenfalls auch die Allgemeinen Gesch\u00e4ftsbedingungen des Veranstalters, die im jeweiligen Fall auf dessen Website heruntergeladen werden k\u00f6nnen. Der Ort, an dem die Veranstaltung stattfindet, kann eine Hausordnung und\/oder Verhaltensregeln anwenden, die auf seiner Website heruntergeladen werden k\u00f6nnen. Mit dem Kauf des Tickets erkl\u00e4rt sich der K\u00e4ufer vorab auch mit diesen Bedingungen einverstanden.<\/p>\n<p><strong>Artikel 3 Zustandekommen einer Vereinbarung<\/strong><br \/>\n3.1 Beim Anbieten und Verkaufen von Tickets fungiert Ticketpoint als Bevollm\u00e4chtigter des Veranstalters zum Zweck des Vertragsabschlusses zwischen K\u00e4ufer und Veranstalter. Ticketpoint ist nicht Vertragspartei des Vertrages, der durch den Kauf eines Tickets zustande kommt. Der Vertrag kommt zustande, nachdem der K\u00e4ufer \u00fcber Ticketpoint eine Buchung f\u00fcr ein oder mehrere Tickets get\u00e4tigt hat. Ticketpoint stellt im Auftrag des Veranstalters die Eintrittskarten f\u00fcr die jeweilige Veranstaltung zur Verf\u00fcgung. Der Versand der Tickets erfolgt durch Ticketpoint im Auftrag des Veranstalters an den K\u00e4ufer.<br \/>\n3.2 Art und Weise des Zustandekommens der Vereinbarung:<br \/>\nDer Vertrag kommt zustande, sobald der K\u00e4ufer eine Buchung vorgenommen hat. Ticketpoint kann den Vertrag allein nach eigenem Ermessen im Namen des Veranstalters einseitig k\u00fcndigen oder Schadensersatz verlangen oder Erf\u00fcllung verlangen, wenn der K\u00e4ufer seinen Verpflichtungen aus dem abgeschlossenen Vertrag nicht nachkommt.<br \/>\n3.3 Eine Buchung ist f\u00fcr den K\u00e4ufer unwiderruflich. Es ist dem K\u00e4ufer nicht m\u00f6glich, \u00c4nderungen an einem abgeschlossenen Vertrag vorzunehmen.<\/p>\n<p><strong>Artikel 4 Tickets<\/strong><br \/>\n4.1 Tickets k\u00f6nnen von einem K\u00e4ufer \u00fcber die Ticketpoint-Website oder \u00fcber den Shop-Verkauf oder telefonisch \u00fcber die von Ticketpoint auf seiner Website angegebene Telefonnummer gebucht werden<br \/>\n4.2 Die von Ticketpoint gelieferten Tickets sind und bleiben Eigentum des Veranstalters und werden dem K\u00e4ufer von Ticketpoint zur Verf\u00fcgung gestellt.<br \/>\n4.3 Ohne vorherige schriftliche Genehmigung des Veranstalters und\/oder Ticketpoints ist es nicht gestattet:<br \/>\nich. Die Tickets an Dritte verkaufen oder die Tickets auf andere kommerzielle Weise direkt oder indirekt an Dritte weitergeben;<br \/>\nii. Die Eintrittskarten in kommerziellen Mitteilungen \u2013 in welcher Form auch immer \u2013 anzubieten oder in sonstiger Weise auf die Eintrittskarten hinzuweisen;<br \/>\n4.4 Wenn der K\u00e4ufer in irgendeiner Weise gegen die Allgemeinen Gesch\u00e4ftsbedingungen von Ticketpoint oder dem Veranstalter verst\u00f6\u00dft, k\u00f6nnen Ticketpoint und\/oder Veranstalter die Tickets f\u00fcr ung\u00fcltig erkl\u00e4ren; Inhabern dieser Tickets wird im jeweiligen Fall der Zutritt zur Veranstaltung verweigert, ohne Anspruch auf Entsch\u00e4digung.<br \/>\n4.5 Ticketpoint und\/oder Veranstalter behalten sich das Recht vor, eine maximale Anzahl zu buchender Tickets festzulegen. Buchungen, die dieses Maximum \u00fcberschreiten, k\u00f6nnen ohne vorherige Ank\u00fcndigung angepasst\/storniert werden.<br \/>\n4.6 Die Preise f\u00fcr Tickets k\u00f6nnen aufgrund m\u00f6glicher zus\u00e4tzlicher Kosten, beispielsweise f\u00fcr Reservierung, Zahlung und\/oder Lieferung, h\u00f6her sein als die von Ticketpoint auf den Tickets aufgedruckten Preise. Es gelten die gesetzlichen Mehrwertsteuers\u00e4tze.<br \/>\n4.7 Die zus\u00e4tzlichen Buchungskosten k\u00f6nnen je nach Art und Zeitpunkt des Kaufs unterschiedlich sein. Alle Kosten werden bei der Buchung angezeigt. Es fallen keine anderen als die ausgewiesenen Kosten an.<br \/>\n4.8 Tickets gew\u00e4hren nur dann Zutritt zur gebuchten Veranstaltung, wenn das Ticket mit dem Kontrollstreifen versehen ist.<\/p>\n<p><strong>Artikel 5 Erf\u00fcllung<\/strong><br \/>\n5.1 Ticketpoint ist bestrebt, die Tickets vor Beginn der Veranstaltung, mindestens jedoch 7 Tage vor Beginn der Veranstaltung, an den K\u00e4ufer zu versenden, sofern der Kaufpreis f\u00fcr die Tickets bezahlt ist. Sollten die Tickets nicht rechtzeitig beim K\u00e4ufer eingegangen sein, muss sich der K\u00e4ufer schriftlich (per Brief oder E-Mail) an Ticketpoint wenden.<br \/>\n5.2 Nach Erhalt der bestellten Tickets sind diese vom K\u00e4ufer auf ihre Richtigkeit zu pr\u00fcfen. Bei fehlerhaft ausgedruckten Tickets erh\u00e4lt der K\u00e4ufer auf erste schriftliche Anfrage Ersatztickets ohne zus\u00e4tzliche Kosten, sofern der K\u00e4ufer die bereits gelieferten Tickets an Ticketpoint zur\u00fccksendet. Ein solcher Antrag muss die entsprechenden Angaben und Gr\u00fcnde enthalten. Sofern der Kunde Ticketpoint nicht innerhalb von 7 Tagen vor Veranstaltungsbeginn schriftlich informiert hat, kann Ticketpoint von einem Umtausch der Tickets absehen.<br \/>\n5.3 Ticketpoint beh\u00e4lt sich jederzeit das Recht vor, Buchungen von K\u00e4ufern abzulehnen oder zus\u00e4tzliche Bedingungen f\u00fcr Buchungen aufzuerlegen.<\/p>\n<p><strong>Artikel 6 Haftung<\/strong><br \/>\n6.1 Ticketpoint kann nicht als Veranstalter der Veranstaltung angesehen werden und ist nicht verantwortlich und \u00fcbernimmt keine Garantie f\u00fcr die (k\u00fcnstlerische) Qualit\u00e4t und den Inhalt der Veranstaltung und den Ablauf der Veranstaltungen in oder um die Location und \u00fcbernimmt keine Haftung daf\u00fcr die Grundlage dieser Haftung.<br \/>\n6.2 Wenn und soweit die Veranstaltung durch den Veranstalter oder den Standortinhaber abgesagt wird, erstattet Ticketpoint dem K\u00e4ufer niemals selbstst\u00e4ndig Eintrittsgelder. Es kann vorkommen, dass ein Veranstalter von Ticketpoint eine R\u00fcckerstattung verlangt, wobei Ticketpoint wiederum lediglich als Vermittler im Namen des Veranstalters auftritt.<br \/>\n6.3 Ticketpoint kann niemals f\u00fcr Sch\u00e4den haftbar gemacht werden, die dem K\u00e4ufer durch Tod, Verletzung, Unfall, Verletzung, Verlust, Besch\u00e4digung oder Diebstahl vor, w\u00e4hrend oder infolge eines Besuchs der Veranstaltung oder des Veranstaltungsortes entstehen.<br \/>\n6.4 Wenn und soweit Ticketpoint aufgrund h\u00f6herer Gewalt seinen Verpflichtungen gegen\u00fcber dem K\u00e4ufer ganz oder teilweise nicht nachkommen kann, kann der K\u00e4ufer hieraus keinen Anspruch auf Schadensersatz herleiten.<br \/>\n6.5 Ticketpoint \u00fcbernimmt keine Haftung f\u00fcr Verlust oder Besch\u00e4digung von Tickets durch den K\u00e4ufer, gleich aus welchem \u200b\u200bGrund. F\u00fcr den Fall, dass Ticketpoint vom K\u00e4ufer Ersatztickets verlangt, ist Ticketpoint berechtigt, hierf\u00fcr Kosten in Rechnung zu stellen.<br \/>\n6.6 Soweit die Haftung von Ticketpoint ausgeschlossen oder beschr\u00e4nkt ist, gilt dies auch f\u00fcr die Haftung der Erf\u00fcllungsgehilfen und\/oder Erf\u00fcllungsgehilfen von Ticketpoint.<\/p>\n","protected":false},"excerpt":{"rendered":"<p>Artikel 1 Definitionen In dieser Vereinbarung werden die folgenden Definitionen verwendet: K\u00e4ufer: Der Verbraucher oder das Unternehmen, das \u00fcber Ticketpoint ein Ticket f\u00fcr eine Veranstaltung kauft; Allgemeine Gesch\u00e4ftsbedingungen: Diese Allgemeinen Gesch\u00e4ftsbedingungen von Ticketpoint; Buchung: Abschluss einer Vereinbarung, bei der der K\u00e4ufer eine Vereinbarung mit einem Veranstaltungsorganisator in der in diesen Allgemeinen Gesch\u00e4ftsbedingungen dargelegten Weise abschlie\u00dft; [&hellip;]<\/p>\n","protected":false},"author":4,"featured_media":0,"parent":0,"menu_order":0,"comment_status":"closed","ping_status":"closed","template":"","meta":{"_acf_changed":false,"footnotes":""},"class_list":["post-1007","page","type-page","status-publish","hentry"],"acf":[],"yoast_head":"<!-- This site is optimized with the Yoast SEO plugin v27.2 - https:\/\/yoast.com\/product\/yoast-seo-wordpress\/ -->\n<title>Allgemeine Gesch\u00e4ftsbedingungen - Ticketpoint<\/title>\n<meta name=\"robots\" content=\"index, follow, max-snippet:-1, max-image-preview:large, max-video-preview:-1\" \/>\n<link rel=\"canonical\" href=\"https:\/\/ticketpoint.nl\/de\/algemene-voorwaarden\/\" \/>\n<meta property=\"og:locale\" content=\"de_DE\" \/>\n<meta property=\"og:type\" content=\"article\" \/>\n<meta property=\"og:title\" content=\"Allgemeine Gesch\u00e4ftsbedingungen - Ticketpoint\" \/>\n<meta property=\"og:description\" content=\"Artikel 1 Definitionen In dieser Vereinbarung werden die folgenden Definitionen verwendet: K\u00e4ufer: Der Verbraucher oder das Unternehmen, das \u00fcber Ticketpoint ein Ticket f\u00fcr eine Veranstaltung kauft; Allgemeine Gesch\u00e4ftsbedingungen: Diese Allgemeinen Gesch\u00e4ftsbedingungen von Ticketpoint; Buchung: Abschluss einer Vereinbarung, bei der der K\u00e4ufer eine Vereinbarung mit einem Veranstaltungsorganisator in der in diesen Allgemeinen Gesch\u00e4ftsbedingungen dargelegten Weise abschlie\u00dft; [&hellip;]\" \/>\n<meta property=\"og:url\" content=\"https:\/\/ticketpoint.nl\/de\/algemene-voorwaarden\/\" \/>\n<meta property=\"og:site_name\" content=\"Ticketpoint\" \/>\n<meta property=\"article:modified_time\" content=\"2024-08-05T12:54:17+00:00\" \/>\n<meta name=\"twitter:card\" content=\"summary_large_image\" \/>\n<meta name=\"twitter:label1\" content=\"Gesch\u00e4tzte Lesezeit\" \/>\n\t<meta name=\"twitter:data1\" content=\"6\u00a0Minuten\" \/>\n<script type=\"application\/ld+json\" class=\"yoast-schema-graph\">{\"@context\":\"https:\/\/schema.org\",\"@graph\":[{\"@type\":\"WebPage\",\"@id\":\"https:\/\/ticketpoint.nl\/de\/algemene-voorwaarden\/\",\"url\":\"https:\/\/ticketpoint.nl\/de\/algemene-voorwaarden\/\",\"name\":\"Allgemeine Gesch\u00e4ftsbedingungen - Ticketpoint\",\"isPartOf\":{\"@id\":\"https:\/\/ticketpoint.nl\/#website\"},\"datePublished\":\"2017-01-24T13:35:36+00:00\",\"dateModified\":\"2024-08-05T12:54:17+00:00\",\"breadcrumb\":{\"@id\":\"https:\/\/ticketpoint.nl\/de\/algemene-voorwaarden\/#breadcrumb\"},\"inLanguage\":\"de\",\"potentialAction\":[{\"@type\":\"ReadAction\",\"target\":[\"https:\/\/ticketpoint.nl\/de\/algemene-voorwaarden\/\"]}]},{\"@type\":\"BreadcrumbList\",\"@id\":\"https:\/\/ticketpoint.nl\/de\/algemene-voorwaarden\/#breadcrumb\",\"itemListElement\":[{\"@type\":\"ListItem\",\"position\":1,\"name\":\"Home\",\"item\":\"https:\/\/ticketpoint.nl\/de\/\"},{\"@type\":\"ListItem\",\"position\":2,\"name\":\"Allgemeine Gesch\u00e4ftsbedingungen\"}]},{\"@type\":\"WebSite\",\"@id\":\"https:\/\/ticketpoint.nl\/#website\",\"url\":\"https:\/\/ticketpoint.nl\/\",\"name\":\"Ticketpoint\",\"description\":\"\",\"potentialAction\":[{\"@type\":\"SearchAction\",\"target\":{\"@type\":\"EntryPoint\",\"urlTemplate\":\"https:\/\/ticketpoint.nl\/?s={search_term_string}\"},\"query-input\":{\"@type\":\"PropertyValueSpecification\",\"valueRequired\":true,\"valueName\":\"search_term_string\"}}],\"inLanguage\":\"de\"}]}<\/script>\n<!-- \/ Yoast SEO plugin. -->","yoast_head_json":{"title":"Allgemeine Gesch\u00e4ftsbedingungen - Ticketpoint","robots":{"index":"index","follow":"follow","max-snippet":"max-snippet:-1","max-image-preview":"max-image-preview:large","max-video-preview":"max-video-preview:-1"},"canonical":"https:\/\/ticketpoint.nl\/de\/algemene-voorwaarden\/","og_locale":"de_DE","og_type":"article","og_title":"Allgemeine Gesch\u00e4ftsbedingungen - Ticketpoint","og_description":"Artikel 1 Definitionen In dieser Vereinbarung werden die folgenden Definitionen verwendet: K\u00e4ufer: Der Verbraucher oder das Unternehmen, das \u00fcber Ticketpoint ein Ticket f\u00fcr eine Veranstaltung kauft; Allgemeine Gesch\u00e4ftsbedingungen: Diese Allgemeinen Gesch\u00e4ftsbedingungen von Ticketpoint; Buchung: Abschluss einer Vereinbarung, bei der der K\u00e4ufer eine Vereinbarung mit einem Veranstaltungsorganisator in der in diesen Allgemeinen Gesch\u00e4ftsbedingungen dargelegten Weise abschlie\u00dft; [&hellip;]","og_url":"https:\/\/ticketpoint.nl\/de\/algemene-voorwaarden\/","og_site_name":"Ticketpoint","article_modified_time":"2024-08-05T12:54:17+00:00","twitter_card":"summary_large_image","twitter_misc":{"Gesch\u00e4tzte Lesezeit":"6\u00a0Minuten"},"schema":{"@context":"https:\/\/schema.org","@graph":[{"@type":"WebPage","@id":"https:\/\/ticketpoint.nl\/de\/algemene-voorwaarden\/","url":"https:\/\/ticketpoint.nl\/de\/algemene-voorwaarden\/","name":"Allgemeine Gesch\u00e4ftsbedingungen - Ticketpoint","isPartOf":{"@id":"https:\/\/ticketpoint.nl\/#website"},"datePublished":"2017-01-24T13:35:36+00:00","dateModified":"2024-08-05T12:54:17+00:00","breadcrumb":{"@id":"https:\/\/ticketpoint.nl\/de\/algemene-voorwaarden\/#breadcrumb"},"inLanguage":"de","potentialAction":[{"@type":"ReadAction","target":["https:\/\/ticketpoint.nl\/de\/algemene-voorwaarden\/"]}]},{"@type":"BreadcrumbList","@id":"https:\/\/ticketpoint.nl\/de\/algemene-voorwaarden\/#breadcrumb","itemListElement":[{"@type":"ListItem","position":1,"name":"Home","item":"https:\/\/ticketpoint.nl\/de\/"},{"@type":"ListItem","position":2,"name":"Allgemeine Gesch\u00e4ftsbedingungen"}]},{"@type":"WebSite","@id":"https:\/\/ticketpoint.nl\/#website","url":"https:\/\/ticketpoint.nl\/","name":"Ticketpoint","description":"","potentialAction":[{"@type":"SearchAction","target":{"@type":"EntryPoint","urlTemplate":"https:\/\/ticketpoint.nl\/?s={search_term_string}"},"query-input":{"@type":"PropertyValueSpecification","valueRequired":true,"valueName":"search_term_string"}}],"inLanguage":"de"}]}},"_links":{"self":[{"href":"https:\/\/ticketpoint.nl\/de\/wp-json\/wp\/v2\/pages\/1007","targetHints":{"allow":["GET"]}}],"collection":[{"href":"https:\/\/ticketpoint.nl\/de\/wp-json\/wp\/v2\/pages"}],"about":[{"href":"https:\/\/ticketpoint.nl\/de\/wp-json\/wp\/v2\/types\/page"}],"author":[{"embeddable":true,"href":"https:\/\/ticketpoint.nl\/de\/wp-json\/wp\/v2\/users\/4"}],"replies":[{"embeddable":true,"href":"https:\/\/ticketpoint.nl\/de\/wp-json\/wp\/v2\/comments?post=1007"}],"version-history":[{"count":3,"href":"https:\/\/ticketpoint.nl\/de\/wp-json\/wp\/v2\/pages\/1007\/revisions"}],"predecessor-version":[{"id":60962,"href":"https:\/\/ticketpoint.nl\/de\/wp-json\/wp\/v2\/pages\/1007\/revisions\/60962"}],"wp:attachment":[{"href":"https:\/\/ticketpoint.nl\/de\/wp-json\/wp\/v2\/media?parent=1007"}],"curies":[{"name":"wp","href":"https:\/\/api.w.org\/{rel}","templated":true}]}}