{"id":1030,"date":"2017-01-24T15:23:19","date_gmt":"2017-01-24T14:23:19","guid":{"rendered":"https:\/\/ticketpoint.nl\/disclaimer\/"},"modified":"2024-08-05T13:45:16","modified_gmt":"2024-08-05T11:45:16","slug":"disclaimer","status":"publish","type":"page","link":"https:\/\/ticketpoint.nl\/de\/disclaimer\/","title":{"rendered":"Haftungsausschluss"},"content":{"rendered":"<p>Ticketpoint.nl legt gro\u00dfen Wert auf die Gestaltung und Pflege dieser Website. Dennoch ist es m\u00f6glich, dass die bereitgestellten Informationen Ungenauigkeiten und\/oder Auslassungen enthalten.<\/p>\n<p>Alle Informationen auf dieser Website unterliegen Irrt\u00fcmern. Sollten die auf dieser Website ver\u00f6ffentlichten Informationen Ungenauigkeiten oder Auslassungen enthalten, kann Ticketpoint nicht f\u00fcr daraus resultierende (direkte oder indirekte) Sch\u00e4den haftbar gemacht werden. Dies gilt auch f\u00fcr Sch\u00e4den, die (mit) durch die elektronische Bereitstellung und \u00dcbermittlung von Daten und\/oder durch technische St\u00f6rungen verursacht werden.<\/p>\n<p>Der Nutzer kann aus den auf dieser Website angebotenen Informationen und\/oder Diensten keinerlei Rechte ableiten und die Nutzung erfolgt ausschlie\u00dflich auf eigenes Risiko.<\/p>\n","protected":false},"excerpt":{"rendered":"<p>Ticketpoint.nl legt gro\u00dfen Wert auf die Gestaltung und Pflege dieser Website. Dennoch ist es m\u00f6glich, dass die bereitgestellten Informationen Ungenauigkeiten und\/oder Auslassungen enthalten. Alle Informationen auf dieser Website unterliegen Irrt\u00fcmern. Sollten die auf dieser Website ver\u00f6ffentlichten Informationen Ungenauigkeiten oder Auslassungen enthalten, kann Ticketpoint nicht f\u00fcr daraus resultierende (direkte oder indirekte) Sch\u00e4den haftbar gemacht werden. Dies [&hellip;]<\/p>\n","protected":false},"author":4,"featured_media":0,"parent":0,"menu_order":0,"comment_status":"closed","ping_status":"closed","template":"","meta":{"_acf_changed":false,"footnotes":""},"class_list":["post-1030","page","type-page","status-publish","hentry"],"acf":[],"yoast_head":"<!-- This site is optimized with the Yoast SEO plugin v27.2 - https:\/\/yoast.com\/product\/yoast-seo-wordpress\/ -->\n<title>Haftungsausschluss - Ticketpoint<\/title>\n<meta name=\"robots\" content=\"index, follow, max-snippet:-1, max-image-preview:large, max-video-preview:-1\" \/>\n<link rel=\"canonical\" href=\"https:\/\/ticketpoint.nl\/de\/disclaimer\/\" \/>\n<meta property=\"og:locale\" content=\"de_DE\" \/>\n<meta property=\"og:type\" content=\"article\" \/>\n<meta property=\"og:title\" content=\"Haftungsausschluss - Ticketpoint\" \/>\n<meta property=\"og:description\" content=\"Ticketpoint.nl legt gro\u00dfen Wert auf die Gestaltung und Pflege dieser Website. Dennoch ist es m\u00f6glich, dass die bereitgestellten Informationen Ungenauigkeiten und\/oder Auslassungen enthalten. Alle Informationen auf dieser Website unterliegen Irrt\u00fcmern. Sollten die auf dieser Website ver\u00f6ffentlichten Informationen Ungenauigkeiten oder Auslassungen enthalten, kann Ticketpoint nicht f\u00fcr daraus resultierende (direkte oder indirekte) Sch\u00e4den haftbar gemacht werden. Dies [&hellip;]\" \/>\n<meta property=\"og:url\" content=\"https:\/\/ticketpoint.nl\/de\/disclaimer\/\" \/>\n<meta property=\"og:site_name\" content=\"Ticketpoint\" \/>\n<meta property=\"article:modified_time\" content=\"2024-08-05T11:45:16+00:00\" \/>\n<meta name=\"twitter:card\" content=\"summary_large_image\" \/>\n<meta name=\"twitter:label1\" content=\"Gesch\u00e4tzte Lesezeit\" \/>\n\t<meta name=\"twitter:data1\" content=\"1\u00a0Minute\" \/>\n<script type=\"application\/ld+json\" class=\"yoast-schema-graph\">{\"@context\":\"https:\/\/schema.org\",\"@graph\":[{\"@type\":\"WebPage\",\"@id\":\"https:\/\/ticketpoint.nl\/de\/disclaimer\/\",\"url\":\"https:\/\/ticketpoint.nl\/de\/disclaimer\/\",\"name\":\"Haftungsausschluss - Ticketpoint\",\"isPartOf\":{\"@id\":\"https:\/\/ticketpoint.nl\/#website\"},\"datePublished\":\"2017-01-24T14:23:19+00:00\",\"dateModified\":\"2024-08-05T11:45:16+00:00\",\"breadcrumb\":{\"@id\":\"https:\/\/ticketpoint.nl\/de\/disclaimer\/#breadcrumb\"},\"inLanguage\":\"de\",\"potentialAction\":[{\"@type\":\"ReadAction\",\"target\":[\"https:\/\/ticketpoint.nl\/de\/disclaimer\/\"]}]},{\"@type\":\"BreadcrumbList\",\"@id\":\"https:\/\/ticketpoint.nl\/de\/disclaimer\/#breadcrumb\",\"itemListElement\":[{\"@type\":\"ListItem\",\"position\":1,\"name\":\"Home\",\"item\":\"https:\/\/ticketpoint.nl\/de\/\"},{\"@type\":\"ListItem\",\"position\":2,\"name\":\"Haftungsausschluss\"}]},{\"@type\":\"WebSite\",\"@id\":\"https:\/\/ticketpoint.nl\/#website\",\"url\":\"https:\/\/ticketpoint.nl\/\",\"name\":\"Ticketpoint\",\"description\":\"\",\"potentialAction\":[{\"@type\":\"SearchAction\",\"target\":{\"@type\":\"EntryPoint\",\"urlTemplate\":\"https:\/\/ticketpoint.nl\/?s={search_term_string}\"},\"query-input\":{\"@type\":\"PropertyValueSpecification\",\"valueRequired\":true,\"valueName\":\"search_term_string\"}}],\"inLanguage\":\"de\"}]}<\/script>\n<!-- \/ Yoast SEO plugin. -->","yoast_head_json":{"title":"Haftungsausschluss - Ticketpoint","robots":{"index":"index","follow":"follow","max-snippet":"max-snippet:-1","max-image-preview":"max-image-preview:large","max-video-preview":"max-video-preview:-1"},"canonical":"https:\/\/ticketpoint.nl\/de\/disclaimer\/","og_locale":"de_DE","og_type":"article","og_title":"Haftungsausschluss - Ticketpoint","og_description":"Ticketpoint.nl legt gro\u00dfen Wert auf die Gestaltung und Pflege dieser Website. Dennoch ist es m\u00f6glich, dass die bereitgestellten Informationen Ungenauigkeiten und\/oder Auslassungen enthalten. Alle Informationen auf dieser Website unterliegen Irrt\u00fcmern. Sollten die auf dieser Website ver\u00f6ffentlichten Informationen Ungenauigkeiten oder Auslassungen enthalten, kann Ticketpoint nicht f\u00fcr daraus resultierende (direkte oder indirekte) Sch\u00e4den haftbar gemacht werden. Dies [&hellip;]","og_url":"https:\/\/ticketpoint.nl\/de\/disclaimer\/","og_site_name":"Ticketpoint","article_modified_time":"2024-08-05T11:45:16+00:00","twitter_card":"summary_large_image","twitter_misc":{"Gesch\u00e4tzte Lesezeit":"1\u00a0Minute"},"schema":{"@context":"https:\/\/schema.org","@graph":[{"@type":"WebPage","@id":"https:\/\/ticketpoint.nl\/de\/disclaimer\/","url":"https:\/\/ticketpoint.nl\/de\/disclaimer\/","name":"Haftungsausschluss - Ticketpoint","isPartOf":{"@id":"https:\/\/ticketpoint.nl\/#website"},"datePublished":"2017-01-24T14:23:19+00:00","dateModified":"2024-08-05T11:45:16+00:00","breadcrumb":{"@id":"https:\/\/ticketpoint.nl\/de\/disclaimer\/#breadcrumb"},"inLanguage":"de","potentialAction":[{"@type":"ReadAction","target":["https:\/\/ticketpoint.nl\/de\/disclaimer\/"]}]},{"@type":"BreadcrumbList","@id":"https:\/\/ticketpoint.nl\/de\/disclaimer\/#breadcrumb","itemListElement":[{"@type":"ListItem","position":1,"name":"Home","item":"https:\/\/ticketpoint.nl\/de\/"},{"@type":"ListItem","position":2,"name":"Haftungsausschluss"}]},{"@type":"WebSite","@id":"https:\/\/ticketpoint.nl\/#website","url":"https:\/\/ticketpoint.nl\/","name":"Ticketpoint","description":"","potentialAction":[{"@type":"SearchAction","target":{"@type":"EntryPoint","urlTemplate":"https:\/\/ticketpoint.nl\/?s={search_term_string}"},"query-input":{"@type":"PropertyValueSpecification","valueRequired":true,"valueName":"search_term_string"}}],"inLanguage":"de"}]}},"_links":{"self":[{"href":"https:\/\/ticketpoint.nl\/de\/wp-json\/wp\/v2\/pages\/1030","targetHints":{"allow":["GET"]}}],"collection":[{"href":"https:\/\/ticketpoint.nl\/de\/wp-json\/wp\/v2\/pages"}],"about":[{"href":"https:\/\/ticketpoint.nl\/de\/wp-json\/wp\/v2\/types\/page"}],"author":[{"embeddable":true,"href":"https:\/\/ticketpoint.nl\/de\/wp-json\/wp\/v2\/users\/4"}],"replies":[{"embeddable":true,"href":"https:\/\/ticketpoint.nl\/de\/wp-json\/wp\/v2\/comments?post=1030"}],"version-history":[{"count":2,"href":"https:\/\/ticketpoint.nl\/de\/wp-json\/wp\/v2\/pages\/1030\/revisions"}],"predecessor-version":[{"id":60959,"href":"https:\/\/ticketpoint.nl\/de\/wp-json\/wp\/v2\/pages\/1030\/revisions\/60959"}],"wp:attachment":[{"href":"https:\/\/ticketpoint.nl\/de\/wp-json\/wp\/v2\/media?parent=1030"}],"curies":[{"name":"wp","href":"https:\/\/api.w.org\/{rel}","templated":true}]}}