{"id":1034,"date":"2017-01-24T16:12:37","date_gmt":"2017-01-24T15:12:37","guid":{"rendered":"https:\/\/ticketpoint.nl\/ticketpoint-garantie\/"},"modified":"2024-08-05T13:43:20","modified_gmt":"2024-08-05T11:43:20","slug":"ticketpoint-garantie","status":"publish","type":"page","link":"https:\/\/ticketpoint.nl\/de\/ticketpoint-garantie\/","title":{"rendered":"Ticketpoint-Garantie"},"content":{"rendered":"<p>F\u00fcr 3,50 \u20ac pro Ticket k\u00f6nnen Sie Ihre Tickets in eine Ticketpoint-Garantie einl\u00f6sen. Die Ticketpoint-Garantie ist keine Versicherung. F\u00fcr Veranstaltungen kann eine Ticketpoint-Garantie abgeschlossen werden, falls Sie die Veranstaltung nicht besuchen k\u00f6nnen. Die Ticketpoint-Garantie kann nur zum Zeitpunkt der Ticketbestellung abgeschlossen werden und ist an die Anzahl der bestellten Tickets gebunden. Sie m\u00fcssen Ticketpoint die Absage schnellstm\u00f6glich, sp\u00e4testens jedoch 3 x 24 Stunden (Sonn- und Feiertage ausgenommen) nach der Veranstaltung schriftlich mitteilen. Im Falle einer Stornierung m\u00fcssen Sie \u00fcber ein entsprechendes Dokument (\u00e4rztliche Bescheinigung\/ANWB-Bericht, Aufnahmenachweis, Sterbeanzeige usw.) verf\u00fcgen.<\/p>\n<p>Im Falle einer Stornierung m\u00fcssen Sie die Eintrittskarten mit Kontrollstreifen und Beleg innerhalb einer Woche nach der Veranstaltung zur\u00fccksenden. Sie erhalten das Geld innerhalb von 2 Wochen auf dem angegebenen Konto. Wir erstatten Ihnen lediglich die Kosten f\u00fcr die Eintrittskarte. Kosten f\u00fcr die Ticketpoint-Garantie und Reservierungskosten werden im Falle einer Stornierung nicht erstattet. Mit dem Abschluss eines Vertrages mit Ticketpoint akzeptieren Sie ausdr\u00fccklich und vorbehaltlos die Geltung der nachstehenden Bedingungen. In den in diesen Bedingungen nicht vorgesehenen F\u00e4llen entscheidet Ticketpoint. Versicherungsart: Stornogarantie Versichert sind die Personen, die im Besitz einer g\u00fcltigen Stornobescheinigung in Verbindung mit einem g\u00fcltigen Ticket sind. Versicherte(r) Zins(e): Vom Versicherten erworbenes Ticket (Ticketbetrag ohne Servicekosten, Nebenkosten und Pr\u00e4mie).<\/p>\n<p><strong>Abdeckung:<\/strong><br \/>\n* Tod, schwere Erkrankung oder schwere Unfallverletzung einer versicherten Person, sofern dies vom behandelnden Arzt\/Facharzt medizinisch festgestellt wurde; * Tod, schwere Erkrankung oder schwere unfallbedingte Verletzung von Verwandten durch Blutsverwandtschaft und\/oder Heirat ersten oder zweiten Grades einer versicherten Person, sofern dieses Ereignis innerhalb von 60 Tagen vor dem urspr\u00fcnglich geplanten Eintrittstermin des Ereignisses eintritt und dies medizinisch festgestellt wurde durch den behandelnden Arzt\/Facharzt; * der Eintritt vorhersehbarer Komplikationen f\u00fcr den Versicherten, seinen Ehegatten oder die Person, mit der der Versicherte auf Dauer zusammenlebt (laut Melderegister); * schwerer Sachschaden infolge eines Brandes, einer Explosion, eines Einbruchs oder einer Naturgewalt, der das Eigentum eines Versicherten oder des Unternehmens, in dem der Versicherte arbeitet (beide in den Niederlanden), so beeintr\u00e4chtigt, dass seine Anwesenheit dringend erforderlich ist erforderlich; * dauerhaftes Scheitern der Ehe des Versicherten, f\u00fcr die ein Scheidungsverfahren eingeleitet wurde; Die Aufl\u00f6sung eines notariellen Lebenspartnerschaftsvertrages kommt der endg\u00fcltigen Zerr\u00fcttung der Ehe gleich. * Diebstahl, Unterschlagung oder Verlust bzw. Totalschaden der f\u00fcr die Anreise zur Veranstaltung genutzten Transportmittel (ausgenommen Mietwagen) durch Kollision, Feuer oder Explosion innerhalb von 14 Tagen vor Veranstaltungsbeginn. Vertragsbeginn: G\u00fcltige Stornobescheinigung nach Kauf in Verbindung mit einem g\u00fcltigen Ticket bzw. g\u00fcltige Stornobescheinigung nach Kauf innerhalb von 3 x 24 Stunden (Sonn- und Feiertage ausgenommen) nach Kauf eines g\u00fcltigen Tickets, wobei das Vertragsende nicht in Anspruch genommen wird innerhalb eines Monats nach dem Kauf erfolgen. Vertragsablaufdatum: Beginn der Veranstaltung (*Startzeit auf dem Ticket), auf die sich die mit dem Ticket verbundene R\u00fccktrittserkl\u00e4rung bezieht. Premium: Siehe Stornobescheinigung.<\/p>\n<p><strong>Zus\u00e4tzliche Bedingungen:<\/strong><br \/>\nAusschl\u00fcsse: Die Ticketpoint-Garantie schuldet keine Entsch\u00e4digung f\u00fcr Sch\u00e4den, Kosten oder Unf\u00e4lle, die durch Folgendes verursacht wurden, sich daraus ergeben oder daraus resultieren: 1.1 Vorsatz oder grobe Fahrl\u00e4ssigkeit des Versicherten (oder der Versicherten); 1.2 bewaffneter Konflikt, B\u00fcrgerkrieg, Aufstand, B\u00fcrgerunruhen, Aufruhr und Requisition; 1.3 atomare Nuklearreaktion, unabh\u00e4ngig davon, wie sie entstanden ist; 1.4 eine chemische, biologische, biochemische oder elektromagnetische Waffe; 1.5 Terrorismus, b\u00f6swillige Verunreinigung oder vorbeugende Ma\u00dfnahmen; 1.6 Handlungen oder Verhaltensweisen zur Vorbereitung auf Terrorismus, b\u00f6swillige Kontamination oder vorbeugende Ma\u00dfnahmen. Pflichten des Versicherten Sobald dem Versicherten ein Ereignis bekannt wird, das zu einer Verpflichtung zur Auszahlung der Ticketpoint-Garantie f\u00fchren kann, ist er verpflichtet: 2.1 Ticketpoint-Garantie schnellstm\u00f6glich, sp\u00e4testens jedoch innerhalb von 3 x 24, schriftlich zu melden Stunden (au\u00dfer Sonn- und Feiertage) Zeit, um die Veranstaltung anzumelden und die Tickets zu stornieren. Dem Bericht muss eine Erkl\u00e4rung \u00fcber die Ursache oder die Umst\u00e4nde beigef\u00fcgt werden. das Ereignis ist eingetreten; 2.2 Ticketpoint-Garantie, alle gew\u00fcnschten Daten und Dokumente so schnell wie m\u00f6glich in der von Ticketpoint.nl-Garantie gew\u00fcnschten Form bereitzustellen und weiterzuleiten, bestehend aus mindestens einem ausgef\u00fcllten Schadensformular, einem g\u00fcltigen Ticket und einer Stornierungsbescheinigung einschlie\u00dflich beigef\u00fcgtem Original-Kontrollbeleg und Belegen, d. h. \u00c4rztliches Attest (falls zutreffend), polizeiliches Attest (falls zutreffend) und Auszug aus dem Melderegister. 2.3 Ticketpoint garantiert die uneingeschr\u00e4nkte Kooperation und unterl\u00e4sst alles, was den Interessen der Ticketpoint-Garantie schaden k\u00f6nnte; 2.4 alle angemessenen Ma\u00dfnahmen zu ergreifen, um Kosten im Sinne dieser Versicherung zu verhindern oder zu begrenzen; 2.5 um einem Sachverst\u00e4ndigen die Beurteilung des Schadens zu erm\u00f6glichen, bevor eine Reparatur oder Zerst\u00f6rung (einschlie\u00dflich Verschwinden) stattgefunden hat; 2.6 schnellstm\u00f6glich Anzeige bei der Polizei zu erstatten, wenn der Verdacht besteht, dass eine Straftat begangen wurde, an der das versicherte Interesse beteiligt ist. Bei Nichterf\u00fcllung von Verpflichtungen ist Ticketpoint Garantie nicht zur Leistung verpflichtet, wenn der Versicherte einer in der Bedingung genannten Verpflichtung nicht nachkommt oder wenn ein versicherter Umstand vorliegt, der beim Kauf vorhersehbar war, es sei denn, er weist nach, dass er hierf\u00fcr kein Verschulden trifft die Interessen der Ticketpoint-Garantie sind hierdurch nicht gesch\u00e4digt worden. Gibt der Versicherte vors\u00e4tzlich eine falsche, unrichtige oder unvollst\u00e4ndige Erkl\u00e4rung und\/oder Darstellung ab, entf\u00e4llt jeglicher Leistungsanspruch. Sonstige Versicherungen Ticketpoint-Garantie schuldet keine Entsch\u00e4digung f\u00fcr Sch\u00e4den oder Kosten, die im Rahmen einer anderen Versicherung oder Bestimmung versichert sind, unabh\u00e4ngig davon, ob diese \u00e4lter ist oder nicht. Leistungen aus der Unfallversicherung sind von dieser Regelung nicht umfasst. Ablauffrist Hat Ticketpoint Guarantee zu einem Anspruch eines Anspruchstellers aus der Versicherung endg\u00fcltig Stellung bezogen, sei es durch ein Zahlungsangebot im Wege der Schlussabrechnung oder durch Ablehnung des Anspruchs, so verf\u00e4llt die Frist nach Ablauf eines Jahres Mit dem Tag, an dem der Rechteinhaber oder sein Bevollm\u00e4chtigter von dieser Stellung Kenntnis erlangt hat, erlischt jeglicher Anspruch gegen\u00fcber Ticketpoint-Garantie hinsichtlich des dem Anspruch zugrunde liegenden Schadensfalls, es sei denn, dass der Rechteinhaber die Position von Ticketpoint-Garantie innerhalb einer Frist bestritten hat Diese Periode. Pr\u00e4mienzahlung Die versicherte Person schuldet die Pr\u00e4mie beim Kauf des Tickets in Verbindung mit der Stornobescheinigung bzw. beim nachtr\u00e4glichen Kauf der Stornobescheinigung. Ticketpoint-Garantie ist niemals zur R\u00fcckerstattung der Pr\u00e4mie verpflichtet. F\u00fcr Schadensversicherungsvertr\u00e4ge, die Ticketpoint-Garantie mit privaten Versicherten abschlie\u00dft, gilt niederl\u00e4ndisches Recht. &#8211; F\u00fcr personenbezogene Daten, die unser Unternehmen in eine personenbezogene Registrierung einbezieht, gelten Datenschutzbestimmungen. Blutsverwandte und angeheiratete Verwandte Hierunter versteht man ausschlie\u00dflich: &#8211; Erster Grad: der Ehegatte, die Schwiegereltern oder Pflegeeltern, die eigenen Kinder des Versicherten sowie die Pflege- und\/oder Stiefkinder. Als Ehemann bzw. Ehefrau gilt auch die Person, mit der der Versicherte dauerhaft zusammenlebt oder mit der er einen Lebensgemeinschaftsvertrag hat \u2013 zweiten Grades: die Br\u00fcder, Schwestern, Schw\u00e4gerinnen, Gro\u00dfeltern usw Enkelkinder des Versicherten. Unfall Eine pl\u00f6tzliche, unerwartete \u00e4u\u00dfere Krafteinwirkung auf den K\u00f6rper des Versicherten, die unmittelbar zu einer medizinisch nachweisbaren K\u00f6rperverletzung f\u00fchrt, die den Tod oder eine vor\u00fcbergehende oder dauerhafte Invalidit\u00e4t zur Folge hat.<br \/>\nWenn Sie eine Ticketpoint-Garantie auf eine Dauerkarte und ein Passepartout abgeschlossen haben, gelten folgende Bedingungen:<br \/>\n&#8211; R\u00fcckerstattungen erfolgen nur f\u00fcr die gesamte Dauerkarte oder das Passepartout und nicht f\u00fcr einzelne Spiele\/Veranstaltungen.<br \/>\n&#8211; Wenn Sie eine R\u00fcckerstattung beantragen m\u00f6chten, m\u00fcssen Sie, wie bereits erw\u00e4hnt, einen schriftlichen Nachweis vorlegen, aus dem hervorgeht, dass Sie an mindestens der H\u00e4lfte der Spiele\/Veranstaltungen nicht teilnehmen konnten.<\/p>\n<p>Einem Unfall gleichgestellt sind: a. Akute Vergiftungen infolge der pl\u00f6tzlichen und unbeabsichtigten Einnahme von Gasen, D\u00e4mpfen, fl\u00fcssigen oder festen Stoffen, mit Ausnahme einer Vergiftung durch die Einnahme von Arzneimitteln und mit Ausnahme der Einnahme von Allergenen: b . Kontamination durch Keime oder allergische Reaktion, wenn diese Kontamination oder Reaktion eine direkte Folge eines unfreiwilligen Sturzes ins Wasser oder eine andere Substanz ist oder die Folge eines Eindringens ins Wasser ist, um Menschen, Tiere oder Sachwerte zu retten: c. Die pl\u00f6tzliche und unbeabsichtigte Aufnahme von Stoffen oder Gegenst\u00e4nden in den Verdauungstrakt, die Atemwege, die Augen und die H\u00f6rorgane und f\u00fchrt zu inneren Verletzungen, mit Ausnahme eindringender Keime oder Allergene; D. Verstauchungen, Luxationen und Risse von Muskel- und B\u00e4ndergewebe, sofern diese Verletzungen pl\u00f6tzlich aufgetreten sind und ihre Art und Lage medizinisch festgestellt werden kann. e. Erstickung, Ertrinken, Erfrierungen, Hitzschlag, Hitzschlag; F. Ersch\u00f6pfung, Hunger, Absterben und Sonnenbrand aufgrund unvorhergesehener Umst\u00e4nde. G. Wundinfektion oder Blutvergiftung durch Eindringen von Keimen in eine durch einen versicherten Unfall verursachte Verletzung; H. Komplikationen oder Verschlimmerung der durch einen versicherten Unfall verursachten Verletzung als direkte Folge der Ersten Hilfe oder der durch diesen Unfall erforderlichen medizinischen Behandlung. Ausschl\u00fcsse hinsichtlich des Unfallrisikos.<\/p>\n<p><strong>Ticketpoint-Garantie ist nicht verpflichtet, Zahlungen zu leisten in Bezug auf:<\/strong><br \/>\na. Unf\u00e4lle, die vors\u00e4tzlich oder mit Zustimmung des Versicherten oder eines anderen Leistungsinteressenten verursacht wurden; B. Unf\u00e4lle im Zusammenhang mit der Begehung oder Beteiligung einer Straftat oder versuchten Straftat durch die versicherte Person; C. Unf\u00e4lle, die aus einem Risiko resultieren, bei dem der Versicherte sein Leben oder seinen K\u00f6rper leichtfertig gef\u00e4hrdet hat, es sei denn, dieses Risiko war zur ordnungsgem\u00e4\u00dfen Aus\u00fcbung seines Berufes, zur legitimen Selbstverteidigung oder zum Versuch, sich selbst, andere, Tiere oder Eigentum zu retten, notwendig; d . Unf\u00e4lle ereignen sich infolge eines Krankheitszustandes oder infolge k\u00f6rperlicher oder geistiger Anomalien des Versicherten; e. Psychische St\u00f6rungen, unabh\u00e4ngig von ihrer Ursache, es sei denn, sie sind medizinisch nachweisbar eine direkte Folge der durch einen versicherten Unfall verursachten Hirnverletzung; F. Unf\u00e4lle, die durch den Einfluss alkoholischer Getr\u00e4nke verursacht wurden, es sei denn, der Versicherte hatte zum Zeitpunkt des Unfalls nachweislich weniger als 0,8 Promille Alkohol im Blut; G. Unf\u00e4lle, deren Eintritt in irgendeiner Weise mit dem Konsum oder der Abh\u00e4ngigkeit von berauschenden, stimulierenden oder \u00e4hnlichen Substanzen zusammenh\u00e4ngt, es sei denn, der Konsum erfolgt nach \u00e4rztlicher Verordnung und der Versicherte hat sich an die Gebrauchsanweisung gehalten; H. Darmbruch, Hexenschuss, Bandscheibenvorw\u00f6lbung, Nucleolipulposis-Hernie), rissige Sehnenscheidenentz\u00fcndung (Tendovaginitis lateralis) oder Golfarm (Epicondylitus medialis); ich. Die Folgen einer vom Versicherten durchgef\u00fchrten medizinischen Behandlung, die nicht in Zusammenhang mit einem versicherten Unfall steht, der diese Behandlung erforderlich gemacht hat; j. Unf\u00e4lle, die dem Versicherten als Fahrer eines Motorrads mit einem Hubraum von 50 ccm oder mehr passieren, wenn der Versicherte das 23. Lebensjahr noch nicht vollendet hat; k. Unf\u00e4lle im Zusammenhang mit der Nutzung eines Motorflugzeugs au\u00dfer als Passagier; Unf\u00e4lle infolge von: Fahrten \u00fcber Gletscher, es sei denn, sie werden von einem anerkannten F\u00fchrer geleitet; Klettern Teilnahme an und Training f\u00fcr Wettbewerbe mit Kraftfahrzeugen, Motorbooten und Mopeds, wenn bei diesem Wettbewerb das Geschwindigkeitselement vorherrscht. Gruppenreservierung Bei Gruppenreservierungen (durch eine nat\u00fcrliche oder juristische Person) besteht ein Anspruch auf Entsch\u00e4digung nur f\u00fcr diejenigen, die einen Versicherungsfall erleben, oder f\u00fcr diejenigen, die sonst als Anspruchsberechtigte gelten, sofern dieser Anspruchsberechtigte dies ist ebenfalls im Besitz einer g\u00fcltigen Stornobescheinigung.<\/p>\n","protected":false},"excerpt":{"rendered":"<p>F\u00fcr 3,50 \u20ac pro Ticket k\u00f6nnen Sie Ihre Tickets in eine Ticketpoint-Garantie einl\u00f6sen. Die Ticketpoint-Garantie ist keine Versicherung. F\u00fcr Veranstaltungen kann eine Ticketpoint-Garantie abgeschlossen werden, falls Sie die Veranstaltung nicht besuchen k\u00f6nnen. Die Ticketpoint-Garantie kann nur zum Zeitpunkt der Ticketbestellung abgeschlossen werden und ist an die Anzahl der bestellten Tickets gebunden. Sie m\u00fcssen Ticketpoint die [&hellip;]<\/p>\n","protected":false},"author":4,"featured_media":0,"parent":0,"menu_order":0,"comment_status":"closed","ping_status":"closed","template":"","meta":{"_acf_changed":false,"footnotes":""},"class_list":["post-1034","page","type-page","status-publish","hentry"],"acf":[],"yoast_head":"<!-- This site is optimized with the Yoast SEO plugin v27.5 - https:\/\/yoast.com\/product\/yoast-seo-wordpress\/ -->\n<title>Ticketpoint-Garantie - Ticketpoint<\/title>\n<meta name=\"robots\" content=\"index, follow, max-snippet:-1, max-image-preview:large, max-video-preview:-1\" \/>\n<link rel=\"canonical\" href=\"https:\/\/ticketpoint.nl\/de\/ticketpoint-garantie\/\" \/>\n<meta property=\"og:locale\" content=\"de_DE\" \/>\n<meta property=\"og:type\" content=\"article\" \/>\n<meta property=\"og:title\" content=\"Ticketpoint-Garantie - Ticketpoint\" \/>\n<meta property=\"og:description\" content=\"F\u00fcr 3,50 \u20ac pro Ticket k\u00f6nnen Sie Ihre Tickets in eine Ticketpoint-Garantie einl\u00f6sen. Die Ticketpoint-Garantie ist keine Versicherung. F\u00fcr Veranstaltungen kann eine Ticketpoint-Garantie abgeschlossen werden, falls Sie die Veranstaltung nicht besuchen k\u00f6nnen. Die Ticketpoint-Garantie kann nur zum Zeitpunkt der Ticketbestellung abgeschlossen werden und ist an die Anzahl der bestellten Tickets gebunden. Sie m\u00fcssen Ticketpoint die [&hellip;]\" \/>\n<meta property=\"og:url\" content=\"https:\/\/ticketpoint.nl\/de\/ticketpoint-garantie\/\" \/>\n<meta property=\"og:site_name\" content=\"Ticketpoint\" \/>\n<meta property=\"article:modified_time\" content=\"2024-08-05T11:43:20+00:00\" \/>\n<meta name=\"twitter:card\" content=\"summary_large_image\" \/>\n<meta name=\"twitter:label1\" content=\"Gesch\u00e4tzte Lesezeit\" \/>\n\t<meta name=\"twitter:data1\" content=\"9\u00a0Minuten\" \/>\n<script type=\"application\/ld+json\" class=\"yoast-schema-graph\">{\"@context\":\"https:\\\/\\\/schema.org\",\"@graph\":[{\"@type\":\"WebPage\",\"@id\":\"https:\\\/\\\/ticketpoint.nl\\\/de\\\/ticketpoint-garantie\\\/\",\"url\":\"https:\\\/\\\/ticketpoint.nl\\\/de\\\/ticketpoint-garantie\\\/\",\"name\":\"Ticketpoint-Garantie - Ticketpoint\",\"isPartOf\":{\"@id\":\"https:\\\/\\\/ticketpoint.nl\\\/#website\"},\"datePublished\":\"2017-01-24T15:12:37+00:00\",\"dateModified\":\"2024-08-05T11:43:20+00:00\",\"breadcrumb\":{\"@id\":\"https:\\\/\\\/ticketpoint.nl\\\/de\\\/ticketpoint-garantie\\\/#breadcrumb\"},\"inLanguage\":\"de\",\"potentialAction\":[{\"@type\":\"ReadAction\",\"target\":[\"https:\\\/\\\/ticketpoint.nl\\\/de\\\/ticketpoint-garantie\\\/\"]}]},{\"@type\":\"BreadcrumbList\",\"@id\":\"https:\\\/\\\/ticketpoint.nl\\\/de\\\/ticketpoint-garantie\\\/#breadcrumb\",\"itemListElement\":[{\"@type\":\"ListItem\",\"position\":1,\"name\":\"Home\",\"item\":\"https:\\\/\\\/ticketpoint.nl\\\/de\\\/\"},{\"@type\":\"ListItem\",\"position\":2,\"name\":\"Ticketpoint-Garantie\"}]},{\"@type\":\"WebSite\",\"@id\":\"https:\\\/\\\/ticketpoint.nl\\\/#website\",\"url\":\"https:\\\/\\\/ticketpoint.nl\\\/\",\"name\":\"Ticketpoint\",\"description\":\"\",\"potentialAction\":[{\"@type\":\"SearchAction\",\"target\":{\"@type\":\"EntryPoint\",\"urlTemplate\":\"https:\\\/\\\/ticketpoint.nl\\\/?s={search_term_string}\"},\"query-input\":{\"@type\":\"PropertyValueSpecification\",\"valueRequired\":true,\"valueName\":\"search_term_string\"}}],\"inLanguage\":\"de\"}]}<\/script>\n<!-- \/ Yoast SEO plugin. -->","yoast_head_json":{"title":"Ticketpoint-Garantie - Ticketpoint","robots":{"index":"index","follow":"follow","max-snippet":"max-snippet:-1","max-image-preview":"max-image-preview:large","max-video-preview":"max-video-preview:-1"},"canonical":"https:\/\/ticketpoint.nl\/de\/ticketpoint-garantie\/","og_locale":"de_DE","og_type":"article","og_title":"Ticketpoint-Garantie - Ticketpoint","og_description":"F\u00fcr 3,50 \u20ac pro Ticket k\u00f6nnen Sie Ihre Tickets in eine Ticketpoint-Garantie einl\u00f6sen. Die Ticketpoint-Garantie ist keine Versicherung. F\u00fcr Veranstaltungen kann eine Ticketpoint-Garantie abgeschlossen werden, falls Sie die Veranstaltung nicht besuchen k\u00f6nnen. Die Ticketpoint-Garantie kann nur zum Zeitpunkt der Ticketbestellung abgeschlossen werden und ist an die Anzahl der bestellten Tickets gebunden. Sie m\u00fcssen Ticketpoint die [&hellip;]","og_url":"https:\/\/ticketpoint.nl\/de\/ticketpoint-garantie\/","og_site_name":"Ticketpoint","article_modified_time":"2024-08-05T11:43:20+00:00","twitter_card":"summary_large_image","twitter_misc":{"Gesch\u00e4tzte Lesezeit":"9\u00a0Minuten"},"schema":{"@context":"https:\/\/schema.org","@graph":[{"@type":"WebPage","@id":"https:\/\/ticketpoint.nl\/de\/ticketpoint-garantie\/","url":"https:\/\/ticketpoint.nl\/de\/ticketpoint-garantie\/","name":"Ticketpoint-Garantie - Ticketpoint","isPartOf":{"@id":"https:\/\/ticketpoint.nl\/#website"},"datePublished":"2017-01-24T15:12:37+00:00","dateModified":"2024-08-05T11:43:20+00:00","breadcrumb":{"@id":"https:\/\/ticketpoint.nl\/de\/ticketpoint-garantie\/#breadcrumb"},"inLanguage":"de","potentialAction":[{"@type":"ReadAction","target":["https:\/\/ticketpoint.nl\/de\/ticketpoint-garantie\/"]}]},{"@type":"BreadcrumbList","@id":"https:\/\/ticketpoint.nl\/de\/ticketpoint-garantie\/#breadcrumb","itemListElement":[{"@type":"ListItem","position":1,"name":"Home","item":"https:\/\/ticketpoint.nl\/de\/"},{"@type":"ListItem","position":2,"name":"Ticketpoint-Garantie"}]},{"@type":"WebSite","@id":"https:\/\/ticketpoint.nl\/#website","url":"https:\/\/ticketpoint.nl\/","name":"Ticketpoint","description":"","potentialAction":[{"@type":"SearchAction","target":{"@type":"EntryPoint","urlTemplate":"https:\/\/ticketpoint.nl\/?s={search_term_string}"},"query-input":{"@type":"PropertyValueSpecification","valueRequired":true,"valueName":"search_term_string"}}],"inLanguage":"de"}]}},"_links":{"self":[{"href":"https:\/\/ticketpoint.nl\/de\/wp-json\/wp\/v2\/pages\/1034","targetHints":{"allow":["GET"]}}],"collection":[{"href":"https:\/\/ticketpoint.nl\/de\/wp-json\/wp\/v2\/pages"}],"about":[{"href":"https:\/\/ticketpoint.nl\/de\/wp-json\/wp\/v2\/types\/page"}],"author":[{"embeddable":true,"href":"https:\/\/ticketpoint.nl\/de\/wp-json\/wp\/v2\/users\/4"}],"replies":[{"embeddable":true,"href":"https:\/\/ticketpoint.nl\/de\/wp-json\/wp\/v2\/comments?post=1034"}],"version-history":[{"count":4,"href":"https:\/\/ticketpoint.nl\/de\/wp-json\/wp\/v2\/pages\/1034\/revisions"}],"predecessor-version":[{"id":60958,"href":"https:\/\/ticketpoint.nl\/de\/wp-json\/wp\/v2\/pages\/1034\/revisions\/60958"}],"wp:attachment":[{"href":"https:\/\/ticketpoint.nl\/de\/wp-json\/wp\/v2\/media?parent=1034"}],"curies":[{"name":"wp","href":"https:\/\/api.w.org\/{rel}","templated":true}]}}