{"id":1045,"date":"2017-01-24T16:20:54","date_gmt":"2017-01-24T15:20:54","guid":{"rendered":"https:\/\/ticketpoint.nl\/?page_id=1045\/"},"modified":"2024-08-05T13:36:05","modified_gmt":"2024-08-05T11:36:05","slug":"handleiding-tickets-bestellen","status":"publish","type":"page","link":"https:\/\/ticketpoint.nl\/de\/handleiding-tickets-bestellen\/","title":{"rendered":"Manuelle bestellung online tickets"},"content":{"rendered":"<p>Dieses Handbuch erkl\u00e4rt in kurzen und klaren Schritten, wie Sie Tickets bestellen.<\/p>\n<article id=\"article-body\" class=\"article-body\">\n<p dir=\"ltr\"><strong>1. Gehen Sie zur richtigen Veranstaltung<\/strong><\/p>\n<p>Klicken Sie auf der Startseite auf die gew\u00fcnschte Veranstaltung oder geben Sie den Namen des K\u00fcnstlers\/der Veranstaltung in die Suchleiste ein und klicken Sie auf \u201eSuchen\u201c, die Veranstaltung wird dann angezeigt. Anschlie\u00dfend werden Ihnen weitere Informationen zum ausgew\u00e4hlten Event angezeigt, einschlie\u00dflich der verf\u00fcgbaren R\u00e4nge und der damit verbundenen Preise.<\/p>\n<p><strong>2. Klicken Sie auf \u201eJetzt Tickets kaufen\u201c<\/strong><\/p>\n<p>Im ge\u00f6ffneten Bildschirm k\u00f6nnen Sie sehen, f\u00fcr welchen Rang (sofern zutreffend) und f\u00fcr welches Datum Sie Tickets bestellen k\u00f6nnen.\u00a0<u>Bitte beachten Sie: W\u00e4hlen Sie das richtige Datum aus<\/u><\/p>\n<p><strong dir=\"ltr\">3. Klicken Sie auf \u201eTickets bestellen\u201c<\/strong><\/p>\n<p>Der Ticketpoint-Webshop \u00f6ffnet sich in einem neuen Fenster, \u00fcber das Sie direkt zur Veranstaltung Ihrer Wahl gelangen.<\/p>\n<p><strong>4. W\u00e4hlen Sie Ihre Tickets aus<\/strong><\/p>\n<p>Das Ticketsystem von Ticketpoint w\u00e4hlt automatisch die besten verf\u00fcgbaren Sitzpl\u00e4tze innerhalb der von Ihnen gew\u00e4hlten Rang- und Preiskategorie aus. Hier k\u00f6nnen Sie zwischen den angebotenen R\u00e4ngen, Preiskategorien und der Anzahl der Tickets w\u00e4hlen.<\/p>\n<p><u>Buchung mit Zimmerplan<\/u><br \/>\nBei einigen Veranstaltungen besteht die M\u00f6glichkeit, \u00fcber einen Raumplan selbst Sitzpl\u00e4tze auszuw\u00e4hlen. Wenn diese Option verf\u00fcgbar ist, wird die Karte automatisch auf Ihrem Bildschirm angezeigt. Freie Pl\u00e4tze sind wei\u00df gekennzeichnet.<\/p>\n<p>Wenn Sie die gew\u00fcnschte Anzahl an Tickets in der von Ihnen gew\u00e4hlten Rang- und Preiskategorie ausgew\u00e4hlt haben, klicken Sie auf \u201eWeiter\u201c. Dort sehen Sie die Tickets, die Sie erneut kaufen m\u00f6chten, so dass Sie die Uhrzeit, das Datum, den Bereich \/ die Reihe \/ den Sitzplatz und die Anzahl der Tickets noch einmal \u00fcberpr\u00fcfen k\u00f6nnen. Nachdem Sie dies \u00fcberpr\u00fcft haben, klicken Sie erneut auf \u201eWeiter\u201c.<\/p>\n<p><strong>5. W\u00e4hlen Sie Zahlung und Lieferung<\/strong><\/p>\n<p>Im n\u00e4chsten Bildschirm m\u00fcssen Sie eine Zahlungs- und Versandart ausw\u00e4hlen. Sie haben die Wahl zwischen dem Versand in Form eines E-Tickets oder dem Versand per Post. Dort m\u00fcssen Sie auch Ihre E-Mail-Adresse angeben. Wenn Sie alles wie gew\u00fcnscht ausgew\u00e4hlt haben, klicken Sie auf \u201eWeiter\u201c.<\/p>\n<p dir=\"ltr\"><strong>6. Kundeninformationen<\/strong><\/p>\n<p>F\u00fcr die Bestellung der Tickets ben\u00f6tigt Ticketpoint Ihre Daten, weshalb wir Sie im n\u00e4chsten Bildschirm um Ihre Daten bitten. Diese Daten werden vertraulich gespeichert und sind nur f\u00fcr Ticketpoint bestimmt.<\/p>\n<p><strong>7. Zus\u00e4tzliche Informationen<\/strong><\/p>\n<p>Hier haben Sie die M\u00f6glichkeit, eine Ticketpoint-Garantie abzuschlie\u00dfen. Wenn Sie die Ticketpoint-Garantie nutzen m\u00f6chten, w\u00e4hlen Sie \u201eJa\u201c (sonst \u201eNein\u201c) und klicken Sie auf \u201eWeiter\u201c. Sie \u00fcberpr\u00fcfen die Bestellung und die eingegebenen Kundendaten. Wenn alles korrekt ist, klicken Sie auf die Schaltfl\u00e4che \u201eBest\u00e4tigen\u201c.<\/p>\n<p><strong>8. Zahlung<\/strong><\/p>\n<p>Hier k\u00f6nnen Sie zwischen den Zahlungsm\u00f6glichkeiten w\u00e4hlen.<\/p>\n<p><u>Zahlung per iDeal<\/u><br \/>\nSie k\u00f6nnen iDeal verwenden. Weitere Informationen zu iDeal finden Sie unter\u00a0<a href=\"http:\/\/www.ideal.nl\/\" target=\"_blank\" rel=\"noopener noreferrer\">www.ideal.nl<\/a>.<\/p>\n<p><u>Zahlung per Kreditkarte<\/u><br \/>\nSie k\u00f6nnen mit Visa, Mastercard und Maestro bezahlen. Ihre Kreditkartendaten werden per SSL-Verfahren verschl\u00fcsselt. Bei der Zahlung werden Sie nach dem CVC-Code gefragt. Diesen 3-stelligen Code finden Sie auf der R\u00fcckseite Ihrer Kreditkarte.<\/p>\n<p dir=\"ltr\"><u>Zahlung \u00fcber eine ausl\u00e4ndische Zahlungsplattform<\/u><br \/>\nSie k\u00f6nnen die ausl\u00e4ndischen Zahlungsplattformen Bancontact \/ Mr Cash, Sofort \u00dcberweisung und KBC nutzen.<\/p>\n<p>Nach Abschluss der Zahlung erhalten Sie automatisch eine Bestellbest\u00e4tigung Ihrer Buchung per E-Mail an die von Ihnen angegebene E-Mail-Adresse. Wenn Sie sich f\u00fcr E-Tickets entschieden haben, werden diese E-Tickets als Anhang Ihrer Bestellbest\u00e4tigung hinzugef\u00fcgt.<\/p>\n<p><strong>Bitte beachten Sie: Aufgrund von R\u00fcckmeldungen der Finanzinstitute\/Banken kann es zu Verz\u00f6gerungen kommen. Sie haben Ihre Zahlung erfolgreich abgeschlossen und nach 24 Stunden noch keine Bestellbest\u00e4tigung und E-Tickets erhalten? Bitte melden Sie dies unserem<a href=\"https:\/\/klantenservice.ticketpoint.nl\/nl\/support\/tickets\/new\" target=\"_blank\" rel=\"noopener noreferrer\">\u00a0Online-Kundenservice<\/a>.<\/strong><\/p>\n<p><strong>9. Ihre Tickets<\/strong><\/p>\n<p dir=\"ltr\">Haben Sie Tickets per Post ausgew\u00e4hlt? In diesem Fall erhalten Sie die gedruckten Tickets in der Regel innerhalb von 7 Tagen per Post an die von Ihnen angegebene Adresse.<br \/>\nHaben Sie sich f\u00fcr die Option E-Ticket \/ Mobile-Ticket entschieden? Anschlie\u00dfend werden die Tickets als Anhang in der Bestellbest\u00e4tigung an die von Ihnen angegebene E-Mail-Adresse versendet.<\/p>\n<\/article>\n","protected":false},"excerpt":{"rendered":"<p>Dieses Handbuch erkl\u00e4rt in kurzen und klaren Schritten, wie Sie Tickets bestellen. 1. Gehen Sie zur richtigen Veranstaltung Klicken Sie auf der Startseite auf die gew\u00fcnschte Veranstaltung oder geben Sie den Namen des K\u00fcnstlers\/der Veranstaltung in die Suchleiste ein und klicken Sie auf \u201eSuchen\u201c, die Veranstaltung wird dann angezeigt. Anschlie\u00dfend werden Ihnen weitere Informationen zum [&hellip;]<\/p>\n","protected":false},"author":4,"featured_media":0,"parent":0,"menu_order":0,"comment_status":"closed","ping_status":"closed","template":"","meta":{"_acf_changed":false,"footnotes":""},"class_list":["post-1045","page","type-page","status-publish","hentry"],"acf":[],"yoast_head":"<!-- This site is optimized with the Yoast SEO plugin v27.5 - https:\/\/yoast.com\/product\/yoast-seo-wordpress\/ -->\n<title>Manuelle bestellung online tickets - Ticketpoint<\/title>\n<meta name=\"robots\" content=\"index, follow, max-snippet:-1, max-image-preview:large, max-video-preview:-1\" \/>\n<link rel=\"canonical\" href=\"https:\/\/ticketpoint.nl\/de\/handleiding-tickets-bestellen\/\" \/>\n<meta property=\"og:locale\" content=\"de_DE\" \/>\n<meta property=\"og:type\" content=\"article\" \/>\n<meta property=\"og:title\" content=\"Manuelle bestellung online tickets - Ticketpoint\" \/>\n<meta property=\"og:description\" content=\"Dieses Handbuch erkl\u00e4rt in kurzen und klaren Schritten, wie Sie Tickets bestellen. 1. Gehen Sie zur richtigen Veranstaltung Klicken Sie auf der Startseite auf die gew\u00fcnschte Veranstaltung oder geben Sie den Namen des K\u00fcnstlers\/der Veranstaltung in die Suchleiste ein und klicken Sie auf \u201eSuchen\u201c, die Veranstaltung wird dann angezeigt. Anschlie\u00dfend werden Ihnen weitere Informationen zum [&hellip;]\" \/>\n<meta property=\"og:url\" content=\"https:\/\/ticketpoint.nl\/de\/handleiding-tickets-bestellen\/\" \/>\n<meta property=\"og:site_name\" content=\"Ticketpoint\" \/>\n<meta property=\"article:modified_time\" content=\"2024-08-05T11:36:05+00:00\" \/>\n<meta name=\"twitter:card\" content=\"summary_large_image\" \/>\n<meta name=\"twitter:label1\" content=\"Gesch\u00e4tzte Lesezeit\" \/>\n\t<meta name=\"twitter:data1\" content=\"3\u00a0Minuten\" \/>\n<script type=\"application\/ld+json\" class=\"yoast-schema-graph\">{\"@context\":\"https:\\\/\\\/schema.org\",\"@graph\":[{\"@type\":\"WebPage\",\"@id\":\"https:\\\/\\\/ticketpoint.nl\\\/de\\\/handleiding-tickets-bestellen\\\/\",\"url\":\"https:\\\/\\\/ticketpoint.nl\\\/de\\\/handleiding-tickets-bestellen\\\/\",\"name\":\"Manuelle bestellung online tickets - Ticketpoint\",\"isPartOf\":{\"@id\":\"https:\\\/\\\/ticketpoint.nl\\\/#website\"},\"datePublished\":\"2017-01-24T15:20:54+00:00\",\"dateModified\":\"2024-08-05T11:36:05+00:00\",\"breadcrumb\":{\"@id\":\"https:\\\/\\\/ticketpoint.nl\\\/de\\\/handleiding-tickets-bestellen\\\/#breadcrumb\"},\"inLanguage\":\"de\",\"potentialAction\":[{\"@type\":\"ReadAction\",\"target\":[\"https:\\\/\\\/ticketpoint.nl\\\/de\\\/handleiding-tickets-bestellen\\\/\"]}]},{\"@type\":\"BreadcrumbList\",\"@id\":\"https:\\\/\\\/ticketpoint.nl\\\/de\\\/handleiding-tickets-bestellen\\\/#breadcrumb\",\"itemListElement\":[{\"@type\":\"ListItem\",\"position\":1,\"name\":\"Home\",\"item\":\"https:\\\/\\\/ticketpoint.nl\\\/de\\\/\"},{\"@type\":\"ListItem\",\"position\":2,\"name\":\"Manuelle bestellung online tickets\"}]},{\"@type\":\"WebSite\",\"@id\":\"https:\\\/\\\/ticketpoint.nl\\\/#website\",\"url\":\"https:\\\/\\\/ticketpoint.nl\\\/\",\"name\":\"Ticketpoint\",\"description\":\"\",\"potentialAction\":[{\"@type\":\"SearchAction\",\"target\":{\"@type\":\"EntryPoint\",\"urlTemplate\":\"https:\\\/\\\/ticketpoint.nl\\\/?s={search_term_string}\"},\"query-input\":{\"@type\":\"PropertyValueSpecification\",\"valueRequired\":true,\"valueName\":\"search_term_string\"}}],\"inLanguage\":\"de\"}]}<\/script>\n<!-- \/ Yoast SEO plugin. -->","yoast_head_json":{"title":"Manuelle bestellung online tickets - Ticketpoint","robots":{"index":"index","follow":"follow","max-snippet":"max-snippet:-1","max-image-preview":"max-image-preview:large","max-video-preview":"max-video-preview:-1"},"canonical":"https:\/\/ticketpoint.nl\/de\/handleiding-tickets-bestellen\/","og_locale":"de_DE","og_type":"article","og_title":"Manuelle bestellung online tickets - Ticketpoint","og_description":"Dieses Handbuch erkl\u00e4rt in kurzen und klaren Schritten, wie Sie Tickets bestellen. 1. Gehen Sie zur richtigen Veranstaltung Klicken Sie auf der Startseite auf die gew\u00fcnschte Veranstaltung oder geben Sie den Namen des K\u00fcnstlers\/der Veranstaltung in die Suchleiste ein und klicken Sie auf \u201eSuchen\u201c, die Veranstaltung wird dann angezeigt. Anschlie\u00dfend werden Ihnen weitere Informationen zum [&hellip;]","og_url":"https:\/\/ticketpoint.nl\/de\/handleiding-tickets-bestellen\/","og_site_name":"Ticketpoint","article_modified_time":"2024-08-05T11:36:05+00:00","twitter_card":"summary_large_image","twitter_misc":{"Gesch\u00e4tzte Lesezeit":"3\u00a0Minuten"},"schema":{"@context":"https:\/\/schema.org","@graph":[{"@type":"WebPage","@id":"https:\/\/ticketpoint.nl\/de\/handleiding-tickets-bestellen\/","url":"https:\/\/ticketpoint.nl\/de\/handleiding-tickets-bestellen\/","name":"Manuelle bestellung online tickets - Ticketpoint","isPartOf":{"@id":"https:\/\/ticketpoint.nl\/#website"},"datePublished":"2017-01-24T15:20:54+00:00","dateModified":"2024-08-05T11:36:05+00:00","breadcrumb":{"@id":"https:\/\/ticketpoint.nl\/de\/handleiding-tickets-bestellen\/#breadcrumb"},"inLanguage":"de","potentialAction":[{"@type":"ReadAction","target":["https:\/\/ticketpoint.nl\/de\/handleiding-tickets-bestellen\/"]}]},{"@type":"BreadcrumbList","@id":"https:\/\/ticketpoint.nl\/de\/handleiding-tickets-bestellen\/#breadcrumb","itemListElement":[{"@type":"ListItem","position":1,"name":"Home","item":"https:\/\/ticketpoint.nl\/de\/"},{"@type":"ListItem","position":2,"name":"Manuelle bestellung online tickets"}]},{"@type":"WebSite","@id":"https:\/\/ticketpoint.nl\/#website","url":"https:\/\/ticketpoint.nl\/","name":"Ticketpoint","description":"","potentialAction":[{"@type":"SearchAction","target":{"@type":"EntryPoint","urlTemplate":"https:\/\/ticketpoint.nl\/?s={search_term_string}"},"query-input":{"@type":"PropertyValueSpecification","valueRequired":true,"valueName":"search_term_string"}}],"inLanguage":"de"}]}},"_links":{"self":[{"href":"https:\/\/ticketpoint.nl\/de\/wp-json\/wp\/v2\/pages\/1045","targetHints":{"allow":["GET"]}}],"collection":[{"href":"https:\/\/ticketpoint.nl\/de\/wp-json\/wp\/v2\/pages"}],"about":[{"href":"https:\/\/ticketpoint.nl\/de\/wp-json\/wp\/v2\/types\/page"}],"author":[{"embeddable":true,"href":"https:\/\/ticketpoint.nl\/de\/wp-json\/wp\/v2\/users\/4"}],"replies":[{"embeddable":true,"href":"https:\/\/ticketpoint.nl\/de\/wp-json\/wp\/v2\/comments?post=1045"}],"version-history":[{"count":3,"href":"https:\/\/ticketpoint.nl\/de\/wp-json\/wp\/v2\/pages\/1045\/revisions"}],"predecessor-version":[{"id":60956,"href":"https:\/\/ticketpoint.nl\/de\/wp-json\/wp\/v2\/pages\/1045\/revisions\/60956"}],"wp:attachment":[{"href":"https:\/\/ticketpoint.nl\/de\/wp-json\/wp\/v2\/media?parent=1045"}],"curies":[{"name":"wp","href":"https:\/\/api.w.org\/{rel}","templated":true}]}}