{"id":165,"date":"2016-09-28T11:18:53","date_gmt":"2016-09-28T09:18:53","guid":{"rendered":"https:\/\/ticketpoint.nl\/de\/privacy-statement\/"},"modified":"2025-03-04T13:14:07","modified_gmt":"2025-03-04T12:14:07","slug":"privacy-statement","status":"publish","type":"page","link":"https:\/\/ticketpoint.nl\/de\/privacy-statement\/","title":{"rendered":"Privacy Statement"},"content":{"rendered":"<ol>\n<li><strong> Allgemeines<\/strong><\/li>\n<\/ol>\n<p>Ticketpoint respektiert die Privatsph\u00e4re der Besucher seiner Website und seiner Kunden und behandelt und verarbeitet personenbezogene Daten sorgf\u00e4ltig und in \u00dcbereinstimmung mit den geltenden Gesetzen und Vorschriften. In dieser Erkl\u00e4rung k\u00f6nnen Sie nachlesen, warum und zu welchem \u200b\u200bZweck wir Ihre Daten nutzen und speichern m\u00f6chten, welche Daten wir erheben und was mit Ihren personenbezogenen Daten passiert.<br \/>\nDiese Datenschutzerkl\u00e4rung gilt f\u00fcr alle Daten, die Ticketpoint von Nutzern unserer Website, unseren Kunden, Nutzern unserer (Online-)Dienste und Kunden unserer Produkte erhebt und verarbeitet.<br \/>\nUnsere Website enth\u00e4lt auch Links zu Websites Dritter, etwa von Veranstaltern von Veranstaltungen, f\u00fcr die wir Tickets anbieten. Obwohl diese Websites sorgf\u00e4ltig ausgew\u00e4hlt wurden, sind wir nicht f\u00fcr die Verarbeitung Ihrer personenbezogenen Daten \u00fcber diese Websites verantwortlich. Diese Datenschutzerkl\u00e4rung gilt auch nicht f\u00fcr die Nutzung solcher Websites.<\/p>\n<ol start=\"2\">\n<li><strong> Zwecke und Gr\u00fcnde f\u00fcr die Verarbeitung Ihrer Daten<\/strong><\/li>\n<\/ol>\n<p>Ticketpoint erhebt und verarbeitet Ihre personenbezogenen Daten in erster Linie zum Abschluss und zur Abwicklung von Vertr\u00e4gen \u00fcber den Kauf von Tickets zwischen K\u00e4ufern und Veranstaltern. Dar\u00fcber hinaus kann Ticketpoint Ihre Daten auch zur Verbesserung seiner Produkte und Dienstleistungen sowie zur Pflege und Verwaltung der Kontakte zu Ihnen bzw. seinen Vertragspartnern und Kunden nutzen. Letzteres erm\u00f6glicht es Ticketpoint, stets aktuelle und passende Produkte und Dienstleistungen anzubieten und seine Leistungen zu verbessern.<br \/>\nTicketpoint nutzt die erhobenen und verarbeiteten Daten haupts\u00e4chlich zu folgenden Zwecken:<\/p>\n<ul>\n<li>Vertr\u00e4ge verantwortungsbewusst abschlie\u00dfen und ausf\u00fchren<\/li>\n<li>zur Abwicklung, Abrechnung und Abwicklung von Vertr\u00e4gen<\/li>\n<li>mit Ihnen zu kommunizieren<\/li>\n<li>um Sie \u00fcber den Fortschritt Ihrer Bestellung zu informieren<\/li>\n<li>um Sie \u00fcber Produkte, Dienstleistungen und Aktionen zu informieren<\/li>\n<li>um Ihre Daten mit einem Konto zu verkn\u00fcpfen<\/li>\n<li>f\u00fcr die Pflege der Beziehung zu unseren Kunden<\/li>\n<li>f\u00fcr Marketingaktivit\u00e4ten von Ticketpoint- und Eventveranstaltern<\/li>\n<\/ul>\n<p>Die Art und Weise, wie Ticketpoint Daten verarbeitet, wird im Folgenden n\u00e4her erl\u00e4utert.<\/p>\n<p><u>Beim Abschluss und der Ausf\u00fchrung von Vertr\u00e4gen<\/u><br \/>\nZur Abwicklung jeder Bestellung ben\u00f6tigen wir Ihren Namen, Ihre E-Mail-Adresse, Adresse(n), Zahlungsdaten sowie Ihre Telefonnummer. Dadurch k\u00f6nnen wir Ihre Bestellung bearbeiten und gekaufte Tickets liefern. Wir k\u00f6nnen Sie auch \u00fcber Ihre Bestellung auf dem Laufenden halten.<br \/>\nSofern es f\u00fcr die Vertragsabwicklung erforderlich ist, geben wir Ihre Daten auch an andere Parteien weiter. Wenn Sie \u00fcber unsere Website Tickets f\u00fcr eine Veranstaltung erwerben, kommt ein Vertrag zwischen Ihnen und dem Veranstalter dieser Veranstaltung zustande. Ihre Daten werden auch an den Veranstalter weitergegeben.<\/p>\n<p><u>Bei der Erstellung eines Kontos bei Ticketpoint<\/u><br \/>\nWenn Sie ein Konto bei Ticketpoint erstellen oder bei uns Tickets bestellen, fragen wir Sie nach folgenden Informationen: Ihren Namen, Ihr Geburtsdatum, Ihre Adresse(n), Telefonnummer, E-Mail-Adresse, Lieferadresse. Ihre Zahlung f\u00fcr Tickets erfolgt \u00fcber die von uns genutzte Zahlungsplattform. Wir ziehen diese Informationen nur f\u00fcr m\u00f6gliche R\u00fcckerstattungen oder Schecks heran.<br \/>\nDie erhaltenen Daten werden von uns gespeichert, sodass Sie diese bei zuk\u00fcnftigen Bestellungen nicht erneut eingeben m\u00fcssen. In den meisten F\u00e4llen k\u00f6nnen Sie \u00fcber Ihr Konto auch fr\u00fchere Bestellungen einsehen, die Sie bei uns aufgegeben haben.<\/p>\n<p><u>Zum Versenden von Angeboten oder Newslettern<\/u><br \/>\nSie k\u00f6nnen angeben, dass Sie Newsletter oder Angebote von Ticketpoint erhalten m\u00f6chten. Ticketpoint sendet diese nur dann, wenn Sie dem durch Ihre Anmeldung ausdr\u00fccklich zugestimmt haben. Die Neuigkeiten und Angebote, die Sie von Ticketpoint erhalten, sind auf Ihre pers\u00f6nlichen Daten, einschlie\u00dflich der von Ihnen zuvor gekauften Tickets, zugeschnitten. Ticketpoint wei\u00df, was Sie interessiert und Sie erhalten Neuigkeiten und Angebote, die f\u00fcr Sie interessant sind.<br \/>\nWir analysieren die Reaktionen auf unsere Newsletter und Angebote und schauen uns beispielsweise an, wie Menschen auf Angebote reagieren, welche Produkte und Dienstleistungen beliebt sind und wie wir dies in unseren Produkten und Dienstleistungen ber\u00fccksichtigen k\u00f6nnen. Diese Daten werden weitestgehend pseudonymisiert.<br \/>\nSie k\u00f6nnen Newsletter und Angebote jederzeit abbestellen, auch hier.<\/p>\n<p><u>F\u00fcr besondere Aktionen oder Gewinnspiele<\/u><br \/>\nF\u00fcr die Teilnahme an einer Aktion oder einem Gewinnspiel ben\u00f6tigen wir Ihren Namen, Ihre Anschrift und Ihre E-Mail-Adresse und teilweise auch Ihre Telefonnummer. Diese m\u00fcssen Sie dann vor der Teilnahme angeben bzw. werden \u2013 sofern Sie zuvor Ihre Einwilligung erteilt haben \u2013 Ihre uns bekannten Daten zu diesem Zweck verwendet. Dies dient in erster Linie dazu, die Aktionen oder Gewinnspiele durchf\u00fchren zu k\u00f6nnen und (beispielsweise) Preise oder Produkte zu vergeben, wir schauen uns anhand der Daten aber auch an, wie und von wem auf unsere Aktionen und Gewinnspiele reagiert wird.<\/p>\n<p><u>Bei Kontaktaufnahme mit unserem Kundenservice<\/u><br \/>\nSie k\u00f6nnen uns anrufen und auf unserer Website \u00fcber Fragen, Kommentare oder Beschwerden chatten. Ihre Daten sowie der Inhalt Ihrer Frage oder Ihres Kommentars werden von uns gespeichert. Auch etwaige Fragen oder Kommentare von Ihnen \u00fcber einen Social-Media-Account werden von Ticketpoint gespeichert. Wir verwenden diese Informationen, um unsere Dienstleistungen zu verbessern und k\u00f6nnen Ihre fr\u00fcheren Fragen oder Kommentare ber\u00fccksichtigen, wenn wir Sie in Zukunft kontaktieren.<\/p>\n<p><u>Zur Betrugspr\u00e4vention<\/u><br \/>\nTicketpoint kann Daten zur Aufkl\u00e4rung, Verhinderung und Bek\u00e4mpfung von Betrug nutzen. Bei Bedarf \u00fcbermitteln wir Kundendaten an die Regierung.<\/p>\n<p><u>Zur Verwaltung von Gesch\u00e4ftskontakten<\/u><br \/>\nTicketpoint speichert die Daten aller Ansprechpartner seiner Gesch\u00e4ftsvertragspartner. Soweit es sich dabei um personenbezogene Daten handelt, werden diese wie die Daten unserer Kunden behandelt. Diese Verpflichtung gilt auch f\u00fcr die Daten, die Sie den Veranstaltern von Veranstaltungen \u00fcbermitteln, f\u00fcr die Sie Tickets erworben haben<\/p>\n<ol start=\"3\">\n<li><strong> Cookies<\/strong><\/li>\n<\/ol>\n<p>Ticketpoint verwendet auf seiner Website Cookies und andere Technologien wie JavaScript und Web-Beacons. Der Einsatz dieser Techniken dient dazu, die Benutzerfreundlichkeit unserer Website und Ihre Nutzungsm\u00f6glichkeiten zu verbessern. Da wir es f\u00fcr wichtig halten, dass Sie wissen, wie und warum wir Cookies und andere Techniken (\u201eCookies\u201c) verwenden, versuchen wir, Ihnen im Folgenden so viele Informationen wie m\u00f6glich \u00fcber deren Verwendung und Funktionsweise bereitzustellen.<\/p>\n<p>Ticketpoint bittet um vorherige Zustimmung zur Verwendung von Cookies. Dies erfolgt mittels eines sogenannten Cookie-Banners, den Sie sehen, wenn Sie unsere Website besuchen. Wir informieren Sie \u00fcber die Verwendung von Cookies und f\u00fcr welche Verwendung Sie Ihre Einwilligung erteilen k\u00f6nnen. Wenn Sie der Verwendung von Cookies zugestimmt haben, wird dies von unserer Website gespeichert, sodass Sie bei Ihrem n\u00e4chsten Besuch nicht erneut Ihre Zustimmung erteilen m\u00fcssen. Ihre Einwilligung ist f\u00fcr einen Zeitraum von dreizehn Monaten g\u00fcltig. Wenn Sie die Verwendung von Cookies einschr\u00e4nken m\u00f6chten, k\u00f6nnen Sie dies auf die unten in dieser Richtlinie beschriebene Weise tun.<\/p>\n<p><u>Was machen Cookies und wozu dienen sie?<\/u><br \/>\nCookies sind kleine Textdateien, die auf Ihrem Computer oder Mobilger\u00e4t gespeichert werden, wenn Sie auf unsere Website zugreifen und diese nutzen. Cookies, JavaScript und Web-Beacons bilden zusammen ein System, das Informationen \u2013 einschlie\u00dflich Ihrer Daten \u2013 (\u00fcber JavaScripts) sammeln, in Textdateien speichern (\u00fcber Cookies) und dann senden kann, damit wir diese Informationen verwenden k\u00f6nnen (\u00fcber Web-Beacons).<\/p>\n<p>Die Cookies dienen dazu, uns Informationen bereitzustellen, die f\u00fcr unsere Aktivit\u00e4ten n\u00fctzlich sind, aber auch dazu, Ihre Nutzung unserer Website einfacher und pers\u00f6nlicher zu gestalten. Die Cookies sorgen unter anderem daf\u00fcr, dass:<\/p>\n<ul>\n<li>Die Nutzung unserer Website wird f\u00fcr Sie unterhaltsamer und einfacher.<\/li>\n<li>Ihre Pr\u00e4ferenzen werden gespeichert und Sie erhalten nicht immer dieselben Informationen oder m\u00fcssen diese nicht immer eingeben, wenn Sie unsere Website besuchen.<\/li>\n<li>Der Bestellvorgang auf unserer Website mit Funktionalit\u00e4ten wie dem Warenkorb funktioniert f\u00fcr Sie ordnungsgem\u00e4\u00df;<\/li>\n<li>Ticketpoint kann die Nutzung seiner Website \u00fcberwachen, bewerten und gegebenenfalls verbessern;<\/li>\n<li>Ticketpoint kann Ihnen pers\u00f6nliche Werbung und Empfehlungen basierend auf Ihren Interessen und Ihrer Kundenhistorie anzeigen;<\/li>\n<li>Ticketpoint kann erkennen, welches Ger\u00e4t Sie verwenden, wenn Sie unsere Website besuchen;<\/li>\n<\/ul>\n<p>Ticketpoint platziert \u00fcber seine Website eigene Cookies, es k\u00f6nnen jedoch auch Cookies von Dritten platziert werden. Dies k\u00f6nnte ohne unsere Erlaubnis geschehen sein. In einem solchen Fall finden unsere Datenschutzbestimmungen keine Anwendung. Wenn Sie Zweifel haben, ob ein Cookie von Ticketpoint oder mit der Erlaubnis von Ticketpoint gesetzt wurde, w\u00fcrden wir uns freuen, wenn Sie uns dar\u00fcber informieren.<\/p>\n<p>Welche Art von Cookies werden verwendet?<\/p>\n<p><script id=\"CookieDeclaration\" src=\"https:\/\/consent.cookiebot.com\/aab16664-125e-4389-8510-a805ce4f32a8\/cd.js\" type=\"text\/javascript\" async><\/script><\/p>\n<p><strong>4. Rechte der betroffenen Personen<\/strong><\/p>\n<p>Jeder, mit dem Ticketpoint in einer Beziehung steht, hat das Recht, seine pers\u00f6nlichen Daten bei Ticketpoint einzusehen. Sollten diese personenbezogenen Daten sachliche Ungenauigkeiten enthalten, k\u00f6nnen Sie schriftlich die Berichtigung der Daten verlangen. Sie haben au\u00dferdem das Recht zu verlangen, dass einige Ihrer personenbezogenen Daten nicht mehr verarbeitet, gel\u00f6scht oder an eine andere Partei \u00fcbertragen werden.<\/p>\n<p>Die oben genannten Anfragen k\u00f6nnen an die unter den Kontaktdaten aufgef\u00fchrten Personen gerichtet werden. Ticketpoint wird in jedem Fall Ihre Identit\u00e4t \u00fcberpr\u00fcfen und dann innerhalb von 4 Wochen auf Ihre Frage oder Ihr Anliegen antworten. Ticketpoint kann Ihren Antrag auf Datenl\u00f6schung ganz oder teilweise ablehnen, wenn Ticketpoint ein berechtigtes Interesse an der Datenaufbewahrung hat oder Ticketpoint aufgrund einer gesetzlichen Verpflichtung weiterhin dazu verpflichtet ist.<\/p>\n<p><strong>5. Sicherheits- und Aufbewahrungsfristen<\/strong><\/p>\n<p>Ticketpoint nutzt und speichert die ihr zur Verf\u00fcgung gestellten personenbezogenen Daten nur, soweit sie der Umsetzung der oben genannten Zwecke dienen und nicht l\u00e4nger als dies sinnvoll oder erforderlich ist. Nach einem Zeitraum von bis zu zwei Jahren, nachdem Sie das letzte Mal ein Ticket bei Ticketpoint gebucht oder anderweitig ein Produkt oder eine Dienstleistung bei Ticketpoint erworben haben, werden Ihre Daten aus der f\u00fcr Direktmarketing-Aktivit\u00e4ten verwendeten Datei gel\u00f6scht. In allen F\u00e4llen k\u00f6nnen rechtliche Verpflichtungen oder berechtigte Interessen von Ticketpoint dazu f\u00fchren, dass die Daten von Ticketpoint f\u00fcr einen l\u00e4ngeren Zeitraum aufbewahrt werden.<\/p>\n<p>Ticketpoint sorgt f\u00fcr eine angemessene technische und organisatorische Sicherheit der personenbezogenen Daten, um das Risiko einer unrechtm\u00e4\u00dfigen Verarbeitung zu minimieren.<\/p>\n<p><strong>6. Kontaktdaten<\/strong><\/p>\n<p>Ihre Daten werden von Ticketpoint erhoben und verarbeitet. Fragen und W\u00fcnsche zur Verarbeitung Ihrer personenbezogenen Daten k\u00f6nnen an folgende Adresse gerichtet werden: Ticketpoint, Herr Marcel van Loon (als Datenbeauftragter), customerservice@ticketpoint.nl. Die Adresse des Ticketpoints lautet Postbus 2114 (5300 CC) in &#8217;s-Hertogenbosch.<\/p>\n<p><span class=\"jCAhz\"><span class=\"ryNqvb\"><strong>7. Passen Sie die Datenschutzrichtlinie an<\/strong> <\/span><\/span><\/p>\n<p><span class=\"jCAhz ChMk0b\"><span class=\"ryNqvb\">Ticketpoint beh\u00e4lt sich ausdr\u00fccklich das Recht vor, diese Datenschutzerkl\u00e4rung zu \u00e4ndern.<\/span><\/span> <span class=\"jCAhz ChMk0b\"><span class=\"ryNqvb\">Dies kann auf \u00c4nderungen und Entwicklungen relevanter Gesetze und Vorschriften zur\u00fcckzuf\u00fchren sein, aber auch auf Entscheidungen von Ticketpoint oder technische Innovationen.<\/span><\/span> <span class=\"jCAhz ChMk0b\"><span class=\"ryNqvb\">\u00c4nderungen dieser Erkl\u00e4rung werden stets auf dieser Website ver\u00f6ffentlicht.<\/span><\/span> <span class=\"jCAhz ChMk0b\"><span class=\"ryNqvb\">Bitte \u00fcberpr\u00fcfen Sie daher regelm\u00e4\u00dfig unsere Richtlinien, um \u00fcber etwaige \u00c4nderungen auf dem Laufenden zu bleiben.<\/span><\/span><\/p>\n<p><a href=\"https:\/\/ticketpoint.nl\/wp-content\/uploads\/2025\/03\/Privacy-Statement-Duits.pdf\">Download hier ons Privacy Statement als PDF.<\/a><\/p>\n<p class=\"lRu31\" dir=\"ltr\"><strong><span class=\"HwtZe\" lang=\"de\"><span class=\"jCAhz ChMk0b\"><span class=\"ryNqvb\">Haftungsausschluss<\/span><\/span><\/span><\/strong><\/p>\n<p class=\"lRu31\" dir=\"ltr\"><span class=\"HwtZe\" lang=\"de\"> <span class=\"jCAhz ChMk0b\"><span class=\"ryNqvb\">Ticketpoint.nl legt gro\u00dfen Wert auf die Gestaltung und Pflege dieser Website.<\/span><\/span> <span class=\"jCAhz ChMk0b\"><span class=\"ryNqvb\">Dennoch ist es m\u00f6glich, dass die bereitgestellten Informationen Ungenauigkeiten und\/oder Auslassungen enthalten. <\/span><\/span><\/span><\/p>\n<p class=\"lRu31\" dir=\"ltr\"><span class=\"HwtZe\" lang=\"de\"><span class=\"jCAhz ChMk0b\"><span class=\"ryNqvb\">Alle Informationen auf dieser Website unterliegen Irrt\u00fcmern.<\/span><\/span> <span class=\"jCAhz ChMk0b\"><span class=\"ryNqvb\">Sollten die auf dieser Website ver\u00f6ffentlichten Informationen Ungenauigkeiten oder Auslassungen enthalten, kann Ticketpoint nicht f\u00fcr daraus resultierende (direkte oder indirekte) Sch\u00e4den haftbar gemacht werden.<\/span><\/span> <span class=\"jCAhz ChMk0b\"><span class=\"ryNqvb\">Dies gilt auch f\u00fcr Sch\u00e4den, die (mit) durch die elektronische Bereitstellung und \u00dcbermittlung von Daten und\/oder durch technische St\u00f6rungen verursacht werden. <\/span><\/span><\/span><\/p>\n<p class=\"lRu31\" dir=\"ltr\"><span class=\"HwtZe\" lang=\"de\"><span class=\"jCAhz ChMk0b\"><span class=\"ryNqvb\">Der Nutzer kann aus den auf dieser Website angebotenen Informationen und\/oder Diensten keinerlei Rechte ableiten und die Nutzung erfolgt ausschlie\u00dflich auf eigenes Risiko.<\/span><\/span><\/span><\/p>\n","protected":false},"excerpt":{"rendered":"<p>Allgemeines Ticketpoint respektiert die Privatsph\u00e4re der Besucher seiner Website und seiner Kunden und behandelt und verarbeitet personenbezogene Daten sorgf\u00e4ltig und in \u00dcbereinstimmung mit den geltenden Gesetzen und Vorschriften. In dieser Erkl\u00e4rung k\u00f6nnen Sie nachlesen, warum und zu welchem \u200b\u200bZweck wir Ihre Daten nutzen und speichern m\u00f6chten, welche Daten wir erheben und was mit Ihren personenbezogenen [&hellip;]<\/p>\n","protected":false},"author":1,"featured_media":0,"parent":0,"menu_order":0,"comment_status":"closed","ping_status":"closed","template":"","meta":{"_acf_changed":false,"footnotes":""},"class_list":["post-165","page","type-page","status-publish","hentry"],"acf":[],"yoast_head":"<!-- This site is optimized with the Yoast SEO plugin v27.2 - https:\/\/yoast.com\/product\/yoast-seo-wordpress\/ -->\n<title>Privacy Statement - Ticketpoint<\/title>\n<meta name=\"robots\" content=\"index, follow, max-snippet:-1, max-image-preview:large, max-video-preview:-1\" \/>\n<link rel=\"canonical\" href=\"https:\/\/ticketpoint.nl\/de\/privacy-statement\/\" \/>\n<meta property=\"og:locale\" content=\"de_DE\" \/>\n<meta property=\"og:type\" content=\"article\" \/>\n<meta property=\"og:title\" content=\"Privacy Statement - Ticketpoint\" \/>\n<meta property=\"og:description\" content=\"Allgemeines Ticketpoint respektiert die Privatsph\u00e4re der Besucher seiner Website und seiner Kunden und behandelt und verarbeitet personenbezogene Daten sorgf\u00e4ltig und in \u00dcbereinstimmung mit den geltenden Gesetzen und Vorschriften. In dieser Erkl\u00e4rung k\u00f6nnen Sie nachlesen, warum und zu welchem \u200b\u200bZweck wir Ihre Daten nutzen und speichern m\u00f6chten, welche Daten wir erheben und was mit Ihren personenbezogenen [&hellip;]\" \/>\n<meta property=\"og:url\" content=\"https:\/\/ticketpoint.nl\/de\/privacy-statement\/\" \/>\n<meta property=\"og:site_name\" content=\"Ticketpoint\" \/>\n<meta property=\"article:modified_time\" content=\"2025-03-04T12:14:07+00:00\" \/>\n<meta name=\"twitter:card\" content=\"summary_large_image\" \/>\n<meta name=\"twitter:label1\" content=\"Gesch\u00e4tzte Lesezeit\" \/>\n\t<meta name=\"twitter:data1\" content=\"9\u00a0Minuten\" \/>\n<script type=\"application\/ld+json\" class=\"yoast-schema-graph\">{\"@context\":\"https:\/\/schema.org\",\"@graph\":[{\"@type\":\"WebPage\",\"@id\":\"https:\/\/ticketpoint.nl\/de\/privacy-statement\/\",\"url\":\"https:\/\/ticketpoint.nl\/de\/privacy-statement\/\",\"name\":\"Privacy Statement - Ticketpoint\",\"isPartOf\":{\"@id\":\"https:\/\/ticketpoint.nl\/#website\"},\"datePublished\":\"2016-09-28T09:18:53+00:00\",\"dateModified\":\"2025-03-04T12:14:07+00:00\",\"breadcrumb\":{\"@id\":\"https:\/\/ticketpoint.nl\/de\/privacy-statement\/#breadcrumb\"},\"inLanguage\":\"de\",\"potentialAction\":[{\"@type\":\"ReadAction\",\"target\":[\"https:\/\/ticketpoint.nl\/de\/privacy-statement\/\"]}]},{\"@type\":\"BreadcrumbList\",\"@id\":\"https:\/\/ticketpoint.nl\/de\/privacy-statement\/#breadcrumb\",\"itemListElement\":[{\"@type\":\"ListItem\",\"position\":1,\"name\":\"Home\",\"item\":\"https:\/\/ticketpoint.nl\/de\/\"},{\"@type\":\"ListItem\",\"position\":2,\"name\":\"Privacy Statement\"}]},{\"@type\":\"WebSite\",\"@id\":\"https:\/\/ticketpoint.nl\/#website\",\"url\":\"https:\/\/ticketpoint.nl\/\",\"name\":\"Ticketpoint\",\"description\":\"\",\"potentialAction\":[{\"@type\":\"SearchAction\",\"target\":{\"@type\":\"EntryPoint\",\"urlTemplate\":\"https:\/\/ticketpoint.nl\/?s={search_term_string}\"},\"query-input\":{\"@type\":\"PropertyValueSpecification\",\"valueRequired\":true,\"valueName\":\"search_term_string\"}}],\"inLanguage\":\"de\"}]}<\/script>\n<!-- \/ Yoast SEO plugin. -->","yoast_head_json":{"title":"Privacy Statement - Ticketpoint","robots":{"index":"index","follow":"follow","max-snippet":"max-snippet:-1","max-image-preview":"max-image-preview:large","max-video-preview":"max-video-preview:-1"},"canonical":"https:\/\/ticketpoint.nl\/de\/privacy-statement\/","og_locale":"de_DE","og_type":"article","og_title":"Privacy Statement - Ticketpoint","og_description":"Allgemeines Ticketpoint respektiert die Privatsph\u00e4re der Besucher seiner Website und seiner Kunden und behandelt und verarbeitet personenbezogene Daten sorgf\u00e4ltig und in \u00dcbereinstimmung mit den geltenden Gesetzen und Vorschriften. In dieser Erkl\u00e4rung k\u00f6nnen Sie nachlesen, warum und zu welchem \u200b\u200bZweck wir Ihre Daten nutzen und speichern m\u00f6chten, welche Daten wir erheben und was mit Ihren personenbezogenen [&hellip;]","og_url":"https:\/\/ticketpoint.nl\/de\/privacy-statement\/","og_site_name":"Ticketpoint","article_modified_time":"2025-03-04T12:14:07+00:00","twitter_card":"summary_large_image","twitter_misc":{"Gesch\u00e4tzte Lesezeit":"9\u00a0Minuten"},"schema":{"@context":"https:\/\/schema.org","@graph":[{"@type":"WebPage","@id":"https:\/\/ticketpoint.nl\/de\/privacy-statement\/","url":"https:\/\/ticketpoint.nl\/de\/privacy-statement\/","name":"Privacy Statement - Ticketpoint","isPartOf":{"@id":"https:\/\/ticketpoint.nl\/#website"},"datePublished":"2016-09-28T09:18:53+00:00","dateModified":"2025-03-04T12:14:07+00:00","breadcrumb":{"@id":"https:\/\/ticketpoint.nl\/de\/privacy-statement\/#breadcrumb"},"inLanguage":"de","potentialAction":[{"@type":"ReadAction","target":["https:\/\/ticketpoint.nl\/de\/privacy-statement\/"]}]},{"@type":"BreadcrumbList","@id":"https:\/\/ticketpoint.nl\/de\/privacy-statement\/#breadcrumb","itemListElement":[{"@type":"ListItem","position":1,"name":"Home","item":"https:\/\/ticketpoint.nl\/de\/"},{"@type":"ListItem","position":2,"name":"Privacy Statement"}]},{"@type":"WebSite","@id":"https:\/\/ticketpoint.nl\/#website","url":"https:\/\/ticketpoint.nl\/","name":"Ticketpoint","description":"","potentialAction":[{"@type":"SearchAction","target":{"@type":"EntryPoint","urlTemplate":"https:\/\/ticketpoint.nl\/?s={search_term_string}"},"query-input":{"@type":"PropertyValueSpecification","valueRequired":true,"valueName":"search_term_string"}}],"inLanguage":"de"}]}},"_links":{"self":[{"href":"https:\/\/ticketpoint.nl\/de\/wp-json\/wp\/v2\/pages\/165","targetHints":{"allow":["GET"]}}],"collection":[{"href":"https:\/\/ticketpoint.nl\/de\/wp-json\/wp\/v2\/pages"}],"about":[{"href":"https:\/\/ticketpoint.nl\/de\/wp-json\/wp\/v2\/types\/page"}],"author":[{"embeddable":true,"href":"https:\/\/ticketpoint.nl\/de\/wp-json\/wp\/v2\/users\/1"}],"replies":[{"embeddable":true,"href":"https:\/\/ticketpoint.nl\/de\/wp-json\/wp\/v2\/comments?post=165"}],"version-history":[{"count":5,"href":"https:\/\/ticketpoint.nl\/de\/wp-json\/wp\/v2\/pages\/165\/revisions"}],"predecessor-version":[{"id":64879,"href":"https:\/\/ticketpoint.nl\/de\/wp-json\/wp\/v2\/pages\/165\/revisions\/64879"}],"wp:attachment":[{"href":"https:\/\/ticketpoint.nl\/de\/wp-json\/wp\/v2\/media?parent=165"}],"curies":[{"name":"wp","href":"https:\/\/api.w.org\/{rel}","templated":true}]}}