{"id":58800,"date":"2024-03-19T16:52:28","date_gmt":"2024-03-19T15:52:28","guid":{"rendered":"https:\/\/ticketpoint.nl\/?page_id=58800"},"modified":"2025-10-17T16:40:04","modified_gmt":"2025-10-17T14:40:04","slug":"contact","status":"publish","type":"page","link":"https:\/\/ticketpoint.nl\/de\/contact\/","title":{"rendered":"Kundendienst"},"content":{"rendered":"<div class=\"container\">\n<div class=\"row\" style=\"margin: 2rem 0 2rem 0;\">\n<div class=\"col-md-8\" style=\"text-align: center; box-shadow: 0 0 5px #F5F6F7; -webkit-box-shadow: 0 0 5px #F5F6F7; -moz-box-shadow: 0 0 5px #F5F6F7; background-color: #f5f6f7; padding: 1rem; margin: 1rem;\"><a id=\"wmChatbotTrigger\" href=\"#\"><br \/>\n<img decoding=\"async\" class=\"wp-image-30962 size-thumbnail aligncenter\" src=\"https:\/\/ticketpoint.nl\/wp-content\/uploads\/2021\/11\/Kees-oranje-rond.png\" alt=\"\" width=\"150\" height=\"150\" \/><br \/>\n<\/a><\/p>\n<h2>Chatten mit Tickey<\/h2>\n<p>Tickey ist unser digitaler Kollege. Sie k\u00f6nnen mit Tickey chatten, indem Sie unten rechts auf Ihrem Bildschirm auf ihr Foto klicken. \u00dcberpr\u00fcfen Sie schnell, ob sie die Antwort auf Ihre Frage bereits kennt.<\/p>\n<\/div>\n<\/div>\n<\/div>\n<div class=\"container\">\n<div class=\"row\" style=\"margin: 2rem 0 2rem 0;\">\n<div class=\"col-md-8\" style=\"text-align: center; box-shadow: 0 0 5px #F5F6F7; -webkit-box-shadow: 0 0 5px #F5F6F7; -moz-box-shadow: 0 0 5px #F5F6F7; background-color: #f5f6f7; padding: 1rem; margin: 1rem;\">\n<p><img decoding=\"async\" class=\"wp-image-30962 aligncenter\" src=\"https:\/\/ticketpoint.nl\/wp-content\/uploads\/2022\/09\/qr-code-1-300x300.png\" alt=\"\" width=\"125\" height=\"125\" \/><\/p>\n<h2>WhatsApp mit Tickey<\/h2>\n<p>Sie k\u00f6nnen auch \u00fcber WhatsApp mit unserem Chatbot Tickey sprechen. Tickey beantwortet Ihre Fragen rund um die Uhr! Scannen Sie den QR-Code oben oder klicken Sie auf die Schaltfl\u00e4che unten, um sofort eine WhatsApp-Konversation mit Tickey zu starten.<\/p>\n<p><a class=\"btn tp-btn\" href=\"https:\/\/api.whatsapp.com\/send?phone=31682726363&amp;text=Hoi%20Tickey\">Whatsapp mit Tickey<\/a><\/p>\n<\/div>\n<\/div>\n<\/div>\n<div class=\"container\">\n<div class=\"row\" style=\"margin: 2rem 0 2rem 0;\">\n<div class=\"col-md-8\" style=\"text-align: center; box-shadow: 0 0 5px #F5F6F7; -webkit-box-shadow: 0 0 5px #F5F6F7; -moz-box-shadow: 0 0 5px #F5F6F7; background-color: #f5f6f7; padding: 1rem; margin: 1rem;\">\n<p><img decoding=\"async\" class=\"wp-image-26583 size-full aligncenter\" src=\"https:\/\/ticketpoint.nl\/wp-content\/uploads\/2019\/04\/tp_logodef_klein.png\" alt=\"\" width=\"100\" height=\"116\" \/><\/p>\n<h2>Kundendienst<\/h2>\n<p>Sehen Sie sich die h\u00e4ufig gestellten Fragen in unserem Kundenservice an. <strong>Der Ticketpoint ist von Montag bis Freitag von 9:00 bis 12:30 Uhr und von 13:00 bis 17:30 Uhr ge\u00f6ffnet.<\/strong><\/p>\n<p><a class=\"btn tp-btn\" href=\"https:\/\/klantenservice.ticketpoint.nl\/de\/support\/home?_gl=1*1u8mfnj*_ga*OTkzODQ1NjAzLjE3MDQ5NjEzMzA.*_ga_MQ6HKXJRMD*MTcxMDg2MTg2My42OS4xLjE3MTA4NjQ0NzIuMC4wLjA.*_fplc*UnJReVBkbGEwcTVlVmFYZ2U0WkNjVWZWaEtGaUFCaVd3ZG04MTNGcExQOTFXbHRBZlYwJTJGNFVqSkIlMkZtTGQ2YmloQUR3SDJKU1hFcERSdFEwOEhoQndHMGVoS1VLSU5LS3YweGlIa1pMJTJCUmdLZzg4akNiQUJyQXBuakVnJTJGWUElM0QlM0Q.\">Gehen Sie zum Kundenservice<\/a><\/p>\n<\/div>\n<\/div>\n<\/div>\n","protected":false},"excerpt":{"rendered":"<p>Chatten mit Tickey Tickey ist unser digitaler Kollege. Sie k\u00f6nnen mit Tickey chatten, indem Sie unten rechts auf Ihrem Bildschirm auf ihr Foto klicken. \u00dcberpr\u00fcfen Sie schnell, ob sie die Antwort auf Ihre Frage bereits kennt. WhatsApp mit Tickey Sie k\u00f6nnen auch \u00fcber WhatsApp mit unserem Chatbot Tickey sprechen. Tickey beantwortet Ihre Fragen rund um [&hellip;]<\/p>\n","protected":false},"author":101045,"featured_media":0,"parent":0,"menu_order":0,"comment_status":"closed","ping_status":"closed","template":"","meta":{"_acf_changed":false,"footnotes":""},"class_list":["post-58800","page","type-page","status-publish","hentry"],"acf":[],"yoast_head":"<!-- This site is optimized with the Yoast SEO plugin v27.2 - https:\/\/yoast.com\/product\/yoast-seo-wordpress\/ -->\n<title>Kundendienst - Ticketpoint<\/title>\n<meta name=\"robots\" content=\"index, follow, max-snippet:-1, max-image-preview:large, max-video-preview:-1\" \/>\n<link rel=\"canonical\" href=\"https:\/\/ticketpoint.nl\/de\/contact\/\" \/>\n<meta property=\"og:locale\" content=\"de_DE\" \/>\n<meta property=\"og:type\" content=\"article\" \/>\n<meta property=\"og:title\" content=\"Kundendienst - Ticketpoint\" \/>\n<meta property=\"og:description\" content=\"Chatten mit Tickey Tickey ist unser digitaler Kollege. Sie k\u00f6nnen mit Tickey chatten, indem Sie unten rechts auf Ihrem Bildschirm auf ihr Foto klicken. \u00dcberpr\u00fcfen Sie schnell, ob sie die Antwort auf Ihre Frage bereits kennt. WhatsApp mit Tickey Sie k\u00f6nnen auch \u00fcber WhatsApp mit unserem Chatbot Tickey sprechen. Tickey beantwortet Ihre Fragen rund um [&hellip;]\" \/>\n<meta property=\"og:url\" content=\"https:\/\/ticketpoint.nl\/de\/contact\/\" \/>\n<meta property=\"og:site_name\" content=\"Ticketpoint\" \/>\n<meta property=\"article:modified_time\" content=\"2025-10-17T14:40:04+00:00\" \/>\n<meta property=\"og:image\" content=\"https:\/\/ticketpoint.nl\/wp-content\/uploads\/2019\/12\/Kees-goede-achtergrond.jpg\" \/>\n\t<meta property=\"og:image:width\" content=\"500\" \/>\n\t<meta property=\"og:image:height\" content=\"500\" \/>\n\t<meta property=\"og:image:type\" content=\"image\/jpeg\" \/>\n<meta name=\"twitter:card\" content=\"summary_large_image\" \/>\n<meta name=\"twitter:label1\" content=\"Gesch\u00e4tzte Lesezeit\" \/>\n\t<meta name=\"twitter:data1\" content=\"2\u00a0Minuten\" \/>\n<script type=\"application\/ld+json\" class=\"yoast-schema-graph\">{\"@context\":\"https:\/\/schema.org\",\"@graph\":[{\"@type\":\"WebPage\",\"@id\":\"https:\/\/ticketpoint.nl\/de\/contact\/\",\"url\":\"https:\/\/ticketpoint.nl\/de\/contact\/\",\"name\":\"Kundendienst - Ticketpoint\",\"isPartOf\":{\"@id\":\"https:\/\/ticketpoint.nl\/#website\"},\"primaryImageOfPage\":{\"@id\":\"https:\/\/ticketpoint.nl\/de\/contact\/#primaryimage\"},\"image\":{\"@id\":\"https:\/\/ticketpoint.nl\/de\/contact\/#primaryimage\"},\"thumbnailUrl\":\"https:\/\/ticketpoint.nl\/wp-content\/uploads\/2021\/11\/Kees-oranje-rond.png\",\"datePublished\":\"2024-03-19T15:52:28+00:00\",\"dateModified\":\"2025-10-17T14:40:04+00:00\",\"breadcrumb\":{\"@id\":\"https:\/\/ticketpoint.nl\/de\/contact\/#breadcrumb\"},\"inLanguage\":\"de\",\"potentialAction\":[{\"@type\":\"ReadAction\",\"target\":[\"https:\/\/ticketpoint.nl\/de\/contact\/\"]}]},{\"@type\":\"ImageObject\",\"inLanguage\":\"de\",\"@id\":\"https:\/\/ticketpoint.nl\/de\/contact\/#primaryimage\",\"url\":\"https:\/\/ticketpoint.nl\/wp-content\/uploads\/2021\/11\/Kees-oranje-rond.png\",\"contentUrl\":\"https:\/\/ticketpoint.nl\/wp-content\/uploads\/2021\/11\/Kees-oranje-rond.png\"},{\"@type\":\"BreadcrumbList\",\"@id\":\"https:\/\/ticketpoint.nl\/de\/contact\/#breadcrumb\",\"itemListElement\":[{\"@type\":\"ListItem\",\"position\":1,\"name\":\"Home\",\"item\":\"https:\/\/ticketpoint.nl\/de\/\"},{\"@type\":\"ListItem\",\"position\":2,\"name\":\"Kundendienst\"}]},{\"@type\":\"WebSite\",\"@id\":\"https:\/\/ticketpoint.nl\/#website\",\"url\":\"https:\/\/ticketpoint.nl\/\",\"name\":\"Ticketpoint\",\"description\":\"\",\"potentialAction\":[{\"@type\":\"SearchAction\",\"target\":{\"@type\":\"EntryPoint\",\"urlTemplate\":\"https:\/\/ticketpoint.nl\/?s={search_term_string}\"},\"query-input\":{\"@type\":\"PropertyValueSpecification\",\"valueRequired\":true,\"valueName\":\"search_term_string\"}}],\"inLanguage\":\"de\"}]}<\/script>\n<!-- \/ Yoast SEO plugin. -->","yoast_head_json":{"title":"Kundendienst - Ticketpoint","robots":{"index":"index","follow":"follow","max-snippet":"max-snippet:-1","max-image-preview":"max-image-preview:large","max-video-preview":"max-video-preview:-1"},"canonical":"https:\/\/ticketpoint.nl\/de\/contact\/","og_locale":"de_DE","og_type":"article","og_title":"Kundendienst - Ticketpoint","og_description":"Chatten mit Tickey Tickey ist unser digitaler Kollege. Sie k\u00f6nnen mit Tickey chatten, indem Sie unten rechts auf Ihrem Bildschirm auf ihr Foto klicken. \u00dcberpr\u00fcfen Sie schnell, ob sie die Antwort auf Ihre Frage bereits kennt. WhatsApp mit Tickey Sie k\u00f6nnen auch \u00fcber WhatsApp mit unserem Chatbot Tickey sprechen. Tickey beantwortet Ihre Fragen rund um [&hellip;]","og_url":"https:\/\/ticketpoint.nl\/de\/contact\/","og_site_name":"Ticketpoint","article_modified_time":"2025-10-17T14:40:04+00:00","og_image":[{"width":500,"height":500,"url":"https:\/\/ticketpoint.nl\/wp-content\/uploads\/2019\/12\/Kees-goede-achtergrond.jpg","type":"image\/jpeg"}],"twitter_card":"summary_large_image","twitter_misc":{"Gesch\u00e4tzte Lesezeit":"2\u00a0Minuten"},"schema":{"@context":"https:\/\/schema.org","@graph":[{"@type":"WebPage","@id":"https:\/\/ticketpoint.nl\/de\/contact\/","url":"https:\/\/ticketpoint.nl\/de\/contact\/","name":"Kundendienst - Ticketpoint","isPartOf":{"@id":"https:\/\/ticketpoint.nl\/#website"},"primaryImageOfPage":{"@id":"https:\/\/ticketpoint.nl\/de\/contact\/#primaryimage"},"image":{"@id":"https:\/\/ticketpoint.nl\/de\/contact\/#primaryimage"},"thumbnailUrl":"https:\/\/ticketpoint.nl\/wp-content\/uploads\/2021\/11\/Kees-oranje-rond.png","datePublished":"2024-03-19T15:52:28+00:00","dateModified":"2025-10-17T14:40:04+00:00","breadcrumb":{"@id":"https:\/\/ticketpoint.nl\/de\/contact\/#breadcrumb"},"inLanguage":"de","potentialAction":[{"@type":"ReadAction","target":["https:\/\/ticketpoint.nl\/de\/contact\/"]}]},{"@type":"ImageObject","inLanguage":"de","@id":"https:\/\/ticketpoint.nl\/de\/contact\/#primaryimage","url":"https:\/\/ticketpoint.nl\/wp-content\/uploads\/2021\/11\/Kees-oranje-rond.png","contentUrl":"https:\/\/ticketpoint.nl\/wp-content\/uploads\/2021\/11\/Kees-oranje-rond.png"},{"@type":"BreadcrumbList","@id":"https:\/\/ticketpoint.nl\/de\/contact\/#breadcrumb","itemListElement":[{"@type":"ListItem","position":1,"name":"Home","item":"https:\/\/ticketpoint.nl\/de\/"},{"@type":"ListItem","position":2,"name":"Kundendienst"}]},{"@type":"WebSite","@id":"https:\/\/ticketpoint.nl\/#website","url":"https:\/\/ticketpoint.nl\/","name":"Ticketpoint","description":"","potentialAction":[{"@type":"SearchAction","target":{"@type":"EntryPoint","urlTemplate":"https:\/\/ticketpoint.nl\/?s={search_term_string}"},"query-input":{"@type":"PropertyValueSpecification","valueRequired":true,"valueName":"search_term_string"}}],"inLanguage":"de"}]}},"_links":{"self":[{"href":"https:\/\/ticketpoint.nl\/de\/wp-json\/wp\/v2\/pages\/58800","targetHints":{"allow":["GET"]}}],"collection":[{"href":"https:\/\/ticketpoint.nl\/de\/wp-json\/wp\/v2\/pages"}],"about":[{"href":"https:\/\/ticketpoint.nl\/de\/wp-json\/wp\/v2\/types\/page"}],"author":[{"embeddable":true,"href":"https:\/\/ticketpoint.nl\/de\/wp-json\/wp\/v2\/users\/101045"}],"replies":[{"embeddable":true,"href":"https:\/\/ticketpoint.nl\/de\/wp-json\/wp\/v2\/comments?post=58800"}],"version-history":[{"count":5,"href":"https:\/\/ticketpoint.nl\/de\/wp-json\/wp\/v2\/pages\/58800\/revisions"}],"predecessor-version":[{"id":69233,"href":"https:\/\/ticketpoint.nl\/de\/wp-json\/wp\/v2\/pages\/58800\/revisions\/69233"}],"wp:attachment":[{"href":"https:\/\/ticketpoint.nl\/de\/wp-json\/wp\/v2\/media?parent=58800"}],"curies":[{"name":"wp","href":"https:\/\/api.w.org\/{rel}","templated":true}]}}